{"id":3743,"date":"2021-09-16T18:23:18","date_gmt":"2021-09-16T15:23:18","guid":{"rendered":"https:\/\/erglobalgroup.com\/urun\/ambulans\/"},"modified":"2021-09-16T18:26:39","modified_gmt":"2021-09-16T15:26:39","slug":"ambulans","status":"publish","type":"product","link":"https:\/\/erglobalgroup.com\/en\/product\/ambulans\/","title":{"rendered":"Ambulans"},"content":{"rendered":"","protected":false},"excerpt":{"rendered":"<p>Acil durum ve insani kurtarma ara\u00e7lar\u0131n\u0131n \u00fcretimi modern ekipman gereksinmelerine g\u00f6re dizayn edilmektedir. Ambulans olarak kullan\u0131lacak ara\u00e7tan i\u00e7indeki d\u00fczenekler ve bulunmas\u0131 gerekli personel say\u0131s\u0131na kadar istenilen vas\u0131flarda \u00fcretilir. Hasta veya yaral\u0131 ta\u015f\u0131maya, acil bak\u0131ma g\u00f6re d\u00fczenlenmi\u015f ayd\u0131nlatmas\u0131 ve g\u00fc\u00e7 \u00fcniteleri mobilize edilerek i\u00e7inde kullan\u0131ma haz\u0131r tutulan t\u00fcm cihazlar\u0131n g\u00fc\u00e7 ihtiyac\u0131na g\u00f6re \u00fcretimi planlan\u0131r.<\/p>\n","protected":false},"featured_media":3741,"template":"","meta":[],"product_cat":[549],"product_tag":[],"yoast_head":"<!-- This site is optimized with the Yoast SEO plugin v17.1 - https:\/\/yoast.com\/wordpress\/plugins\/seo\/ -->\n<title>Ambulans - Erglobal Group<\/title>\n<meta name=\"robots\" content=\"index, follow, max-snippet:-1, max-image-preview:large, max-video-preview:-1\" \/>\n<link rel=\"canonical\" href=\"https:\/\/erglobalgroup.com\/en\/product\/ambulans\/\" \/>\n<meta property=\"og:locale\" content=\"en_US\" \/>\n<meta property=\"og:type\" content=\"article\" \/>\n<meta property=\"og:title\" content=\"Ambulans - Erglobal Group\" \/>\n<meta property=\"og:description\" content=\"Acil durum ve insani kurtarma ara\u00e7lar\u0131n\u0131n \u00fcretimi modern ekipman gereksinmelerine g\u00f6re dizayn edilmektedir. Ambulans olarak kullan\u0131lacak ara\u00e7tan i\u00e7indeki d\u00fczenekler ve bulunmas\u0131 gerekli personel say\u0131s\u0131na kadar istenilen vas\u0131flarda \u00fcretilir. Hasta veya yaral\u0131 ta\u015f\u0131maya, acil bak\u0131ma g\u00f6re d\u00fczenlenmi\u015f ayd\u0131nlatmas\u0131 ve g\u00fc\u00e7 \u00fcniteleri mobilize edilerek i\u00e7inde kullan\u0131ma haz\u0131r tutulan t\u00fcm cihazlar\u0131n g\u00fc\u00e7 ihtiyac\u0131na g\u00f6re \u00fcretimi planlan\u0131r.\" \/>\n<meta property=\"og:url\" content=\"https:\/\/erglobalgroup.com\/en\/product\/ambulans\/\" \/>\n<meta property=\"og:site_name\" content=\"Erglobal Group\" \/>\n<meta property=\"article:modified_time\" content=\"2021-09-16T15:26:39+00:00\" \/>\n<meta property=\"og:image\" content=\"https:\/\/erglobalgroup.com\/wp-content\/uploads\/2021\/09\/unnamed.png\" \/>\n\t<meta property=\"og:image:width\" content=\"512\" \/>\n\t<meta property=\"og:image:height\" content=\"319\" \/>\n<meta name=\"twitter:card\" content=\"summary_large_image\" \/>\n<script type=\"application\/ld+json\" class=\"yoast-schema-graph\">{\"@context\":\"https:\/\/schema.org\",\"@graph\":[{\"@type\":\"WebSite\",\"@id\":\"https:\/\/erglobalgroup.com\/#website\",\"url\":\"https:\/\/erglobalgroup.com\/\",\"name\":\"Erglobal Group\",\"description\":\"\",\"potentialAction\":[{\"@type\":\"SearchAction\",\"target\":{\"@type\":\"EntryPoint\",\"urlTemplate\":\"https:\/\/erglobalgroup.com\/?s={search_term_string}\"},\"query-input\":\"required name=search_term_string\"}],\"inLanguage\":\"en-US\"},{\"@type\":\"ImageObject\",\"@id\":\"https:\/\/erglobalgroup.com\/en\/product\/ambulans\/#primaryimage\",\"inLanguage\":\"en-US\",\"url\":\"https:\/\/erglobalgroup.com\/wp-content\/uploads\/2021\/09\/unnamed.png\",\"contentUrl\":\"https:\/\/erglobalgroup.com\/wp-content\/uploads\/2021\/09\/unnamed.png\",\"width\":512,\"height\":319},{\"@type\":\"WebPage\",\"@id\":\"https:\/\/erglobalgroup.com\/en\/product\/ambulans\/#webpage\",\"url\":\"https:\/\/erglobalgroup.com\/en\/product\/ambulans\/\",\"name\":\"Ambulans - Erglobal Group\",\"isPartOf\":{\"@id\":\"https:\/\/erglobalgroup.com\/#website\"},\"primaryImageOfPage\":{\"@id\":\"https:\/\/erglobalgroup.com\/en\/product\/ambulans\/#primaryimage\"},\"datePublished\":\"2021-09-16T15:23:18+00:00\",\"dateModified\":\"2021-09-16T15:26:39+00:00\",\"breadcrumb\":{\"@id\":\"https:\/\/erglobalgroup.com\/en\/product\/ambulans\/#breadcrumb\"},\"inLanguage\":\"en-US\",\"potentialAction\":[{\"@type\":\"ReadAction\",\"target\":[\"https:\/\/erglobalgroup.com\/en\/product\/ambulans\/\"]}]},{\"@type\":\"BreadcrumbList\",\"@id\":\"https:\/\/erglobalgroup.com\/en\/product\/ambulans\/#breadcrumb\",\"itemListElement\":[{\"@type\":\"ListItem\",\"position\":1,\"name\":\"Anasayfa\",\"item\":\"https:\/\/erglobalgroup.com\/en\/\"},{\"@type\":\"ListItem\",\"position\":2,\"name\":\"Products\",\"item\":\"https:\/\/erglobalgroup.com\/en\/products\/\"},{\"@type\":\"ListItem\",\"position\":3,\"name\":\"Ambulans\"}]}]}<\/script>\n<!-- \/ Yoast SEO plugin. -->","yoast_head_json":{"title":"Ambulans - Erglobal Group","robots":{"index":"index","follow":"follow","max-snippet":"max-snippet:-1","max-image-preview":"max-image-preview:large","max-video-preview":"max-video-preview:-1"},"canonical":"https:\/\/erglobalgroup.com\/en\/product\/ambulans\/","og_locale":"en_US","og_type":"article","og_title":"Ambulans - Erglobal Group","og_description":"Acil durum ve insani kurtarma ara\u00e7lar\u0131n\u0131n \u00fcretimi modern ekipman gereksinmelerine g\u00f6re dizayn edilmektedir. Ambulans olarak kullan\u0131lacak ara\u00e7tan i\u00e7indeki d\u00fczenekler ve bulunmas\u0131 gerekli personel say\u0131s\u0131na kadar istenilen vas\u0131flarda \u00fcretilir. Hasta veya yaral\u0131 ta\u015f\u0131maya, acil bak\u0131ma g\u00f6re d\u00fczenlenmi\u015f ayd\u0131nlatmas\u0131 ve g\u00fc\u00e7 \u00fcniteleri mobilize edilerek i\u00e7inde kullan\u0131ma haz\u0131r tutulan t\u00fcm cihazlar\u0131n g\u00fc\u00e7 ihtiyac\u0131na g\u00f6re \u00fcretimi planlan\u0131r.","og_url":"https:\/\/erglobalgroup.com\/en\/product\/ambulans\/","og_site_name":"Erglobal Group","article_modified_time":"2021-09-16T15:26:39+00:00","og_image":[{"width":512,"height":319,"url":"https:\/\/erglobalgroup.com\/wp-content\/uploads\/2021\/09\/unnamed.png","path":"\/var\/www\/vhosts\/erglobalgroup.com\/httpdocs\/wp-content\/uploads\/2021\/09\/unnamed.png","size":"full","id":3741,"alt":"","pixels":163328,"type":"image\/png"}],"twitter_card":"summary_large_image","schema":{"@context":"https:\/\/schema.org","@graph":[{"@type":"WebSite","@id":"https:\/\/erglobalgroup.com\/#website","url":"https:\/\/erglobalgroup.com\/","name":"Erglobal Group","description":"","potentialAction":[{"@type":"SearchAction","target":{"@type":"EntryPoint","urlTemplate":"https:\/\/erglobalgroup.com\/?s={search_term_string}"},"query-input":"required name=search_term_string"}],"inLanguage":"en-US"},{"@type":"ImageObject","@id":"https:\/\/erglobalgroup.com\/en\/product\/ambulans\/#primaryimage","inLanguage":"en-US","url":"https:\/\/erglobalgroup.com\/wp-content\/uploads\/2021\/09\/unnamed.png","contentUrl":"https:\/\/erglobalgroup.com\/wp-content\/uploads\/2021\/09\/unnamed.png","width":512,"height":319},{"@type":"WebPage","@id":"https:\/\/erglobalgroup.com\/en\/product\/ambulans\/#webpage","url":"https:\/\/erglobalgroup.com\/en\/product\/ambulans\/","name":"Ambulans - Erglobal Group","isPartOf":{"@id":"https:\/\/erglobalgroup.com\/#website"},"primaryImageOfPage":{"@id":"https:\/\/erglobalgroup.com\/en\/product\/ambulans\/#primaryimage"},"datePublished":"2021-09-16T15:23:18+00:00","dateModified":"2021-09-16T15:26:39+00:00","breadcrumb":{"@id":"https:\/\/erglobalgroup.com\/en\/product\/ambulans\/#breadcrumb"},"inLanguage":"en-US","potentialAction":[{"@type":"ReadAction","target":["https:\/\/erglobalgroup.com\/en\/product\/ambulans\/"]}]},{"@type":"BreadcrumbList","@id":"https:\/\/erglobalgroup.com\/en\/product\/ambulans\/#breadcrumb","itemListElement":[{"@type":"ListItem","position":1,"name":"Anasayfa","item":"https:\/\/erglobalgroup.com\/en\/"},{"@type":"ListItem","position":2,"name":"Products","item":"https:\/\/erglobalgroup.com\/en\/products\/"},{"@type":"ListItem","position":3,"name":"Ambulans"}]}]}},"_links":{"self":[{"href":"https:\/\/erglobalgroup.com\/en\/wp-json\/wp\/v2\/product\/3743"}],"collection":[{"href":"https:\/\/erglobalgroup.com\/en\/wp-json\/wp\/v2\/product"}],"about":[{"href":"https:\/\/erglobalgroup.com\/en\/wp-json\/wp\/v2\/types\/product"}],"wp:featuredmedia":[{"embeddable":true,"href":"https:\/\/erglobalgroup.com\/en\/wp-json\/wp\/v2\/media\/3741"}],"wp:attachment":[{"href":"https:\/\/erglobalgroup.com\/en\/wp-json\/wp\/v2\/media?parent=3743"}],"wp:term":[{"taxonomy":"product_cat","embeddable":true,"href":"https:\/\/erglobalgroup.com\/en\/wp-json\/wp\/v2\/product_cat?post=3743"},{"taxonomy":"product_tag","embeddable":true,"href":"https:\/\/erglobalgroup.com\/en\/wp-json\/wp\/v2\/product_tag?post=3743"}],"curies":[{"name":"wp","href":"https:\/\/api.w.org\/{rel}","templated":true}]}}