{"id":3154,"date":"2021-03-08T11:36:06","date_gmt":"2021-03-13T09:26:13","guid":{"rendered":"https:\/\/erglobalgroup.com\/urun\/zaxe-z1\/"},"modified":"2021-03-13T09:26:18","modified_gmt":"2021-03-13T09:26:18","slug":"zaxe-z1","status":"publish","type":"product","link":"https:\/\/erglobalgroup.com\/en\/product\/zaxe-z1\/","title":{"rendered":"Zaxe Z1"},"content":{"rendered":"<h3>Minimum size, maximum power!<\/h3>\n<p class=\"big\">Zaxe Z1 is quiet, fast and hassle-free with its superior features! Dedicate a small area of \u200b\u200byour desktop to great results with its renewed design!<\/p>\n<div class=\"qodef-iwt-title-holder\">\n<h4>Safe<\/h4>\n<\/div>\n<div class=\"qodef-iwt-text-holder\">\n<p>Zaxe Z1 enables you to print smoothly and securely with its renewed print head and electronic equipment.<\/p>\n<div class=\"qodef-iwt-title-holder\">\n<h4>Sturdy<\/h4>\n<\/div>\n<div class=\"qodef-iwt-text-holder\">\n<p>Thanks to its completely aluminum body and steel carriers, it will never let you down with its long-lasting mechanical structure.<\/p>\n<div class=\"wpb_animate_when_almost_visible wpb_left-to-right left-to-right wpb_column vc_column_container vc_col-sm-6 wpb_start_animation animated\">\n<div class=\"vc_column-inner\">\n<div class=\"wpb_wrapper\">\n<div class=\"vc_row wpb_row vc_inner vc_row-fluid qodef-section qodef-content-aligment-left\" data-qodef-parallax-speed=\"1\">\n<div class=\"qodef-full-section-inner\">\n<div class=\"wpb_column vc_column_container vc_col-sm-4 vc_hidden-xs\">\n<div class=\"vc_column-inner\">\n<div class=\"wpb_wrapper\">\n<div class=\"qodef-iwt clearfix qodef-iwt-icon-top qodef-iwt-icon-tiny\">\n<div class=\"qodef-iwt-content-holder\">\n<div class=\"qodef-iwt-title-holder\">\n<h4>Easy<\/h4>\n<\/div>\n<div class=\"qodef-iwt-text-holder\">\n<p>Print in 3 steps with xDesktop. Printing has never been easier with enhanced wireless file transfer.<\/p>\n<\/div>\n<\/div>\n<\/div>\n<\/div>\n<\/div>\n<\/div>\n<\/div>\n<\/div>\n<\/div>\n<\/div>\n<\/div>\n<div class=\"wpb_animate_when_almost_visible wpb_right-to-left right-to-left wpb_column vc_column_container vc_col-sm-6 wpb_start_animation animated\">\n<div class=\"vc_column-inner\">\n<div class=\"wpb_wrapper\"><\/div>\n<\/div>\n<\/div>\n<\/div>\n<\/div>\n","protected":false},"excerpt":{"rendered":"<div class=\"wpb_text_column wpb_content_element \">\n<div class=\"wpb_wrapper\">\n<h2>Strong mechanical design without problems!<\/h2>\n<\/div>\n<\/div>\n<div class=\"vc_empty_space\"><\/div>\n<div class=\"wpb_text_column wpb_content_element \">\n<div class=\"wpb_wrapper\">\n<h3>Designed for the toughest presses<\/h3>\n<\/div>\n<\/div>\n<div class=\"vc_empty_space\"><\/div>\n<div class=\"wpb_text_column wpb_content_element \">\n<div class=\"wpb_wrapper\">\n<p class=\"big\">Z1 is easy to maintain and has high repeatability with its fully aluminum body and steel carrier mechanical system. With its carbon fiber reinforced belts, your prints are always like the first day without being affected by temperature changes.<\/p>\n<p class=\"big\">Achieve maximum precision and speeds in your prints with the linear guideway system.<\/p>\n<p class=\"big\">Print all the details perfectly with the Z axis and ball spindle mounted on a completely aluminum plate.<\/p>\n<div class=\"wpb_text_column wpb_content_element \">\n<div class=\"wpb_wrapper\">\n<h2>Technicial Specifications<\/h2>\n<\/div>\n<\/div>\n<div class=\"vc_empty_space\"><\/div>\n<div class=\"vc_row wpb_row vc_inner vc_row-fluid qodef-section qodef-content-aligment-left\" data-qodef-parallax-speed=\"1\">\n<div class=\"qodef-full-section-inner\">\n<div class=\"wpb_column vc_column_container vc_col-sm-6\">\n<div class=\"vc_column-inner\">\n<div class=\"wpb_wrapper\">\n<div class=\"wpb_text_column wpb_content_element \">\n<div class=\"wpb_wrapper\">\n<h3>Printer Features<\/h3>\n<\/div>\n<\/div>\n<div class=\"vc_empty_space\"><\/div>\n<div class=\"wpb_raw_code wpb_content_element wpb_raw_html\">\n<div class=\"wpb_wrapper\">\n<table>\n<tbody>\n<tr>\n<th>Print Volume<\/th>\n<td>200x200x205 mm<\/td>\n<\/tr>\n<tr>\n<th>External Dimensions<\/th>\n<td>380mm x 380mm x 540mm (W x L x H)<\/td>\n<\/tr>\n<tr>\n<th>Weight<\/th>\n<td>20.5 kg<\/td>\n<\/tr>\n<tr>\n<th>Power Input<\/th>\n<td>110 \/ 240V &#8211; 2A 50\/60<\/td>\n<\/tr>\n<tr>\n<th>Energy consumption.<\/th>\n<td>~ 250 Watt ABS Print \/ ~ 300 Watt PLA Printing<\/td>\n<\/tr>\n<tr>\n<th>Printing Technology<\/th>\n<td>FFF<\/td>\n<\/tr>\n<tr>\n<th>Print Head<\/th>\n<td>Single<\/td>\n<\/tr>\n<tr>\n<th>Print Area<\/th>\n<td>Closed Temperature Controlled<\/td>\n<\/tr>\n<tr>\n<th>Filament Sensor<\/th>\n<td>There is<\/td>\n<\/tr>\n<tr>\n<th>Calibration<\/th>\n<td>Software driven<\/td>\n<\/tr>\n<\/tbody>\n<\/table>\n<\/div>\n<\/div>\n<\/div>\n<\/div>\n<\/div>\n<div class=\"wpb_column vc_column_container vc_col-sm-6\">\n<div class=\"vc_column-inner\">\n<div class=\"wpb_wrapper\">\n<div class=\"wpb_text_column wpb_content_element \">\n<div class=\"wpb_wrapper\">\n<h3>Print Features<\/h3>\n<\/div>\n<\/div>\n<div class=\"vc_empty_space\"><\/div>\n<div class=\"wpb_raw_code wpb_content_element wpb_raw_html\">\n<div class=\"wpb_wrapper\">\n<table>\n<tbody>\n<tr>\n<th>Nozzle Diameter<\/th>\n<td>0.2, 0.4, 0.6, 0.8 mm<\/td>\n<\/tr>\n<tr>\n<th>Resolution<\/th>\n<td>50 &#8211; 400 micron (0.4mm nozzle)<\/td>\n<\/tr>\n<tr>\n<th>Printing Table<\/th>\n<td>Borasilicate Glass + Buildtak<\/td>\n<\/tr>\n<tr>\n<th>Printing Table Max temp.<\/th>\n<td>110 \u00b0 C<\/td>\n<\/tr>\n<tr>\n<th>Print Area temperature<\/th>\n<td>20 \u00b0 C &#8211; 50 \u00b0 C<\/td>\n<\/tr>\n<tr>\n<th>Extruder max temperature<\/th>\n<td>320 \u00b0 C<\/td>\n<\/tr>\n<tr>\n<th>Support<\/th>\n<td>Detachable<\/td>\n<\/tr>\n<\/tbody>\n<\/table>\n<\/div>\n<\/div>\n<\/div>\n<\/div>\n<\/div>\n<\/div>\n<\/div>\n<div class=\"vc_empty_space\"><\/div>\n<div class=\"vc_row wpb_row vc_inner vc_row-fluid qodef-section qodef-content-aligment-left\" data-qodef-parallax-speed=\"1\">\n<div class=\"qodef-full-section-inner\">\n<div class=\"wpb_column vc_column_container vc_col-sm-6\">\n<div class=\"vc_column-inner\">\n<div class=\"wpb_wrapper\">\n<div class=\"wpb_text_column wpb_content_element \">\n<div class=\"wpb_wrapper\">\n<h3>Material<\/h3>\n<\/div>\n<\/div>\n<div class=\"vc_empty_space\"><\/div>\n<div class=\"wpb_raw_code wpb_content_element wpb_raw_html\">\n<div class=\"wpb_wrapper\">\n<table>\n<tbody>\n<tr>\n<th>Material type<\/th>\n<td>Filament<\/td>\n<\/tr>\n<tr>\n<th>Filament Diameter<\/th>\n<td>1.75mm<\/td>\n<\/tr>\n<tr>\n<th>Supported filaments<\/th>\n<td>ABS, PLA, PET-G, Carbon Fiber, Flex, \u0131s\u0131 de\u011ferleri uygun farkl\u0131 marka filamentler<\/td>\n<\/tr>\n<\/tbody>\n<\/table>\n<\/div>\n<\/div>\n<\/div>\n<\/div>\n<\/div>\n<div class=\"wpb_column vc_column_container vc_col-sm-6\">\n<div class=\"vc_column-inner\">\n<div class=\"wpb_wrapper\">\n<div class=\"wpb_text_column wpb_content_element \">\n<div class=\"wpb_wrapper\">\n<h3>Software<\/h3>\n<\/div>\n<\/div>\n<div class=\"vc_empty_space\"><\/div>\n<div class=\"wpb_raw_code wpb_content_element wpb_raw_html\">\n<div class=\"wpb_wrapper\">\n<table>\n<tbody>\n<tr>\n<th>Software<\/th>\n<td>Zaxe xDesktop<\/td>\n<\/tr>\n<tr>\n<th>Supported File Types<\/th>\n<td>.stl, .obj, .amf.<\/td>\n<\/tr>\n<tr>\n<th>OS<\/th>\n<td>Windows, macOS<\/td>\n<\/tr>\n<tr>\n<th>Connection types<\/th>\n<td>WiFi \u2013 Ethernet \u2013 USB<\/td>\n<\/tr>\n<\/tbody>\n<\/table>\n<\/div>\n<\/div>\n<\/div>\n<\/div>\n<\/div>\n<\/div>\n<\/div>\n<\/div>\n<\/div>\n","protected":false},"featured_media":1951,"template":"","meta":[],"product_cat":[],"product_tag":[],"yoast_head":"<!-- This site is optimized with the Yoast SEO plugin v17.1 - https:\/\/yoast.com\/wordpress\/plugins\/seo\/ -->\n<title>Zaxe Z1 - Erglobal Group<\/title>\n<meta name=\"robots\" content=\"index, follow, max-snippet:-1, max-image-preview:large, max-video-preview:-1\" \/>\n<link rel=\"canonical\" href=\"https:\/\/erglobalgroup.com\/en\/product\/zaxe-z1\/\" \/>\n<meta property=\"og:locale\" content=\"en_US\" \/>\n<meta property=\"og:type\" content=\"article\" \/>\n<meta property=\"og:title\" content=\"Zaxe Z1 - Erglobal Group\" \/>\n<meta property=\"og:description\" content=\"Strong mechanical design without problems!   Designed for the toughest presses   Z1 is easy to maintain and has high repeatability with its fully aluminum body and steel carrier mechanical system. With its carbon fiber reinforced belts, your prints are always like the first day without being affected by temperature changes. Achieve maximum precision and speeds in your prints with the linear guideway system. Print all the details perfectly with the Z axis and ball spindle mounted on a completely aluminum plate.   Technicial Specifications      Printer Features     Print Volume 200x200x205 mm  External Dimensions 380mm x 380mm x 540mm (W x L x H)  Weight 20.5 kg  Power Input 110 \/ 240V - 2A 50\/60  Energy consumption. ~ 250 Watt ABS Print \/ ~ 300 Watt PLA Printing  Printing Technology FFF  Print Head Single  Print Area Closed Temperature Controlled  Filament Sensor There is  Calibration Software driven       Print Features     Nozzle Diameter 0.2, 0.4, 0.6, 0.8 mm  Resolution 50 - 400 micron (0.4mm nozzle)  Printing Table Borasilicate Glass + Buildtak  Printing Table Max temp. 110 \u00b0 C  Print Area temperature 20 \u00b0 C - 50 \u00b0 C  Extruder max temperature 320 \u00b0 C  Support Detachable          Material     Material type Filament  Filament Diameter 1.75mm  Supported filaments ABS, PLA, PET-G, Carbon Fiber, Flex, \u0131s\u0131 de\u011ferleri uygun farkl\u0131 marka filamentler       Software     Software Zaxe xDesktop  Supported File Types .stl, .obj, .amf.  OS Windows, macOS  Connection types WiFi \u2013 Ethernet \u2013 USB\" \/>\n<meta property=\"og:url\" content=\"https:\/\/erglobalgroup.com\/en\/product\/zaxe-z1\/\" \/>\n<meta property=\"og:site_name\" content=\"Erglobal Group\" \/>\n<meta property=\"article:modified_time\" content=\"2021-03-13T09:26:18+00:00\" \/>\n<meta property=\"og:image\" content=\"https:\/\/erglobalgroup.com\/wp-content\/uploads\/2021\/03\/z1-back-1.png\" \/>\n\t<meta property=\"og:image:width\" content=\"699\" \/>\n\t<meta property=\"og:image:height\" content=\"699\" \/>\n<meta name=\"twitter:card\" content=\"summary_large_image\" \/>\n<script type=\"application\/ld+json\" class=\"yoast-schema-graph\">{\"@context\":\"https:\/\/schema.org\",\"@graph\":[{\"@type\":\"WebSite\",\"@id\":\"https:\/\/erglobalgroup.com\/#website\",\"url\":\"https:\/\/erglobalgroup.com\/\",\"name\":\"Erglobal Group\",\"description\":\"\",\"potentialAction\":[{\"@type\":\"SearchAction\",\"target\":{\"@type\":\"EntryPoint\",\"urlTemplate\":\"https:\/\/erglobalgroup.com\/?s={search_term_string}\"},\"query-input\":\"required name=search_term_string\"}],\"inLanguage\":\"en-US\"},{\"@type\":\"ImageObject\",\"@id\":\"https:\/\/erglobalgroup.com\/en\/product\/zaxe-z1\/#primaryimage\",\"inLanguage\":\"en-US\",\"url\":\"https:\/\/erglobalgroup.com\/wp-content\/uploads\/2021\/03\/z1-back-1.png\",\"contentUrl\":\"https:\/\/erglobalgroup.com\/wp-content\/uploads\/2021\/03\/z1-back-1.png\",\"width\":699,\"height\":699},{\"@type\":\"WebPage\",\"@id\":\"https:\/\/erglobalgroup.com\/en\/product\/zaxe-z1\/#webpage\",\"url\":\"https:\/\/erglobalgroup.com\/en\/product\/zaxe-z1\/\",\"name\":\"Zaxe Z1 - Erglobal Group\",\"isPartOf\":{\"@id\":\"https:\/\/erglobalgroup.com\/#website\"},\"primaryImageOfPage\":{\"@id\":\"https:\/\/erglobalgroup.com\/en\/product\/zaxe-z1\/#primaryimage\"},\"datePublished\":\"2021-03-13T09:26:13+00:00\",\"dateModified\":\"2021-03-13T09:26:18+00:00\",\"breadcrumb\":{\"@id\":\"https:\/\/erglobalgroup.com\/en\/product\/zaxe-z1\/#breadcrumb\"},\"inLanguage\":\"en-US\",\"potentialAction\":[{\"@type\":\"ReadAction\",\"target\":[\"https:\/\/erglobalgroup.com\/en\/product\/zaxe-z1\/\"]}]},{\"@type\":\"BreadcrumbList\",\"@id\":\"https:\/\/erglobalgroup.com\/en\/product\/zaxe-z1\/#breadcrumb\",\"itemListElement\":[{\"@type\":\"ListItem\",\"position\":1,\"name\":\"Anasayfa\",\"item\":\"https:\/\/erglobalgroup.com\/en\/\"},{\"@type\":\"ListItem\",\"position\":2,\"name\":\"Products\",\"item\":\"https:\/\/erglobalgroup.com\/en\/products\/\"},{\"@type\":\"ListItem\",\"position\":3,\"name\":\"Zaxe Z1\"}]}]}<\/script>\n<!-- \/ Yoast SEO plugin. -->","yoast_head_json":{"title":"Zaxe Z1 - Erglobal Group","robots":{"index":"index","follow":"follow","max-snippet":"max-snippet:-1","max-image-preview":"max-image-preview:large","max-video-preview":"max-video-preview:-1"},"canonical":"https:\/\/erglobalgroup.com\/en\/product\/zaxe-z1\/","og_locale":"en_US","og_type":"article","og_title":"Zaxe Z1 - Erglobal Group","og_description":"Strong mechanical design without problems!   Designed for the toughest presses   Z1 is easy to maintain and has high repeatability with its fully aluminum body and steel carrier mechanical system. With its carbon fiber reinforced belts, your prints are always like the first day without being affected by temperature changes. Achieve maximum precision and speeds in your prints with the linear guideway system. Print all the details perfectly with the Z axis and ball spindle mounted on a completely aluminum plate.   Technicial Specifications      Printer Features     Print Volume 200x200x205 mm  External Dimensions 380mm x 380mm x 540mm (W x L x H)  Weight 20.5 kg  Power Input 110 \/ 240V - 2A 50\/60  Energy consumption. ~ 250 Watt ABS Print \/ ~ 300 Watt PLA Printing  Printing Technology FFF  Print Head Single  Print Area Closed Temperature Controlled  Filament Sensor There is  Calibration Software driven       Print Features     Nozzle Diameter 0.2, 0.4, 0.6, 0.8 mm  Resolution 50 - 400 micron (0.4mm nozzle)  Printing Table Borasilicate Glass + Buildtak  Printing Table Max temp. 110 \u00b0 C  Print Area temperature 20 \u00b0 C - 50 \u00b0 C  Extruder max temperature 320 \u00b0 C  Support Detachable          Material     Material type Filament  Filament Diameter 1.75mm  Supported filaments ABS, PLA, PET-G, Carbon Fiber, Flex, \u0131s\u0131 de\u011ferleri uygun farkl\u0131 marka filamentler       Software     Software Zaxe xDesktop  Supported File Types .stl, .obj, .amf.  OS Windows, macOS  Connection types WiFi \u2013 Ethernet \u2013 USB","og_url":"https:\/\/erglobalgroup.com\/en\/product\/zaxe-z1\/","og_site_name":"Erglobal Group","article_modified_time":"2021-03-13T09:26:18+00:00","og_image":[{"width":699,"height":699,"url":"https:\/\/erglobalgroup.com\/wp-content\/uploads\/2021\/03\/z1-back-1.png","path":"\/var\/www\/vhosts\/erglobalgroup.com\/httpdocs\/wp-content\/uploads\/2021\/03\/z1-back-1.png","size":"full","id":1951,"alt":"","pixels":488601,"type":"image\/png"}],"twitter_card":"summary_large_image","schema":{"@context":"https:\/\/schema.org","@graph":[{"@type":"WebSite","@id":"https:\/\/erglobalgroup.com\/#website","url":"https:\/\/erglobalgroup.com\/","name":"Erglobal Group","description":"","potentialAction":[{"@type":"SearchAction","target":{"@type":"EntryPoint","urlTemplate":"https:\/\/erglobalgroup.com\/?s={search_term_string}"},"query-input":"required name=search_term_string"}],"inLanguage":"en-US"},{"@type":"ImageObject","@id":"https:\/\/erglobalgroup.com\/en\/product\/zaxe-z1\/#primaryimage","inLanguage":"en-US","url":"https:\/\/erglobalgroup.com\/wp-content\/uploads\/2021\/03\/z1-back-1.png","contentUrl":"https:\/\/erglobalgroup.com\/wp-content\/uploads\/2021\/03\/z1-back-1.png","width":699,"height":699},{"@type":"WebPage","@id":"https:\/\/erglobalgroup.com\/en\/product\/zaxe-z1\/#webpage","url":"https:\/\/erglobalgroup.com\/en\/product\/zaxe-z1\/","name":"Zaxe Z1 - Erglobal Group","isPartOf":{"@id":"https:\/\/erglobalgroup.com\/#website"},"primaryImageOfPage":{"@id":"https:\/\/erglobalgroup.com\/en\/product\/zaxe-z1\/#primaryimage"},"datePublished":"2021-03-13T09:26:13+00:00","dateModified":"2021-03-13T09:26:18+00:00","breadcrumb":{"@id":"https:\/\/erglobalgroup.com\/en\/product\/zaxe-z1\/#breadcrumb"},"inLanguage":"en-US","potentialAction":[{"@type":"ReadAction","target":["https:\/\/erglobalgroup.com\/en\/product\/zaxe-z1\/"]}]},{"@type":"BreadcrumbList","@id":"https:\/\/erglobalgroup.com\/en\/product\/zaxe-z1\/#breadcrumb","itemListElement":[{"@type":"ListItem","position":1,"name":"Anasayfa","item":"https:\/\/erglobalgroup.com\/en\/"},{"@type":"ListItem","position":2,"name":"Products","item":"https:\/\/erglobalgroup.com\/en\/products\/"},{"@type":"ListItem","position":3,"name":"Zaxe Z1"}]}]}},"_links":{"self":[{"href":"https:\/\/erglobalgroup.com\/en\/wp-json\/wp\/v2\/product\/3154"}],"collection":[{"href":"https:\/\/erglobalgroup.com\/en\/wp-json\/wp\/v2\/product"}],"about":[{"href":"https:\/\/erglobalgroup.com\/en\/wp-json\/wp\/v2\/types\/product"}],"wp:featuredmedia":[{"embeddable":true,"href":"https:\/\/erglobalgroup.com\/en\/wp-json\/wp\/v2\/media\/1951"}],"wp:attachment":[{"href":"https:\/\/erglobalgroup.com\/en\/wp-json\/wp\/v2\/media?parent=3154"}],"wp:term":[{"taxonomy":"product_cat","embeddable":true,"href":"https:\/\/erglobalgroup.com\/en\/wp-json\/wp\/v2\/product_cat?post=3154"},{"taxonomy":"product_tag","embeddable":true,"href":"https:\/\/erglobalgroup.com\/en\/wp-json\/wp\/v2\/product_tag?post=3154"}],"curies":[{"name":"wp","href":"https:\/\/api.w.org\/{rel}","templated":true}]}}