{"id":2744,"date":"2021-03-11T08:03:57","date_gmt":"2021-03-12T11:59:27","guid":{"rendered":"https:\/\/erglobalgroup.com\/urun\/stainless-steel-surgical-knife\/"},"modified":"2021-03-12T11:59:27","modified_gmt":"2021-03-12T11:59:27","slug":"paslanmaz-celik-steril-cerrahi-bicak-2","status":"publish","type":"product","link":"https:\/\/erglobalgroup.com\/en\/product\/paslanmaz-celik-steril-cerrahi-bicak-2\/","title":{"rendered":"Stainless Steel Surgical Knife"},"content":{"rendered":"<p><b>Surgical Blades<\/b>. <b>Surgical<\/b> procedures used to cut skin and tissue during <b>surgical blades<\/b> or scalpels. \u2026 There are surgical <b>knives<\/b>with or <b>without a handle<\/b>. <b>Surgical blades<\/b> are available as disposable scalpels (sterile and non-sterile).<b><\/b><b><\/b><\/p>\n<p>Baz\u0131 yayg\u0131n b\u0131\u00e7ak t\u00fcrleri ve say\u0131lar\u0131 a\u015fa\u011f\u0131dakileri i\u00e7erir:<\/p>\n<p># 10 &#8211; A large curved cutting edge that represents a more traditional blade shape. It is generally used to cut soft tissue with large incisions.<\/p>\n<p><img loading=\"lazy\" class=\"alignnone size-medium wp-image-2459\" src=\"https:\/\/erglobalgroup.com\/wp-content\/uploads\/2021\/03\/surgical-blade-300x89.jpg\" alt=\"\" width=\"300\" height=\"89\" srcset=\"https:\/\/erglobalgroup.com\/wp-content\/uploads\/2021\/03\/surgical-blade-300x89.jpg 300w, https:\/\/erglobalgroup.com\/wp-content\/uploads\/2021\/03\/surgical-blade-280x83.jpg 280w, https:\/\/erglobalgroup.com\/wp-content\/uploads\/2021\/03\/surgical-blade.jpg 500w\" sizes=\"(max-width: 300px) 100vw, 300px\" \/><\/p>\n<p># 11 &#8211; A long, triangular blade with the hypotenuse at its sharpest edge. Due to its pointed tip, it is typically used for stabbing cuts and \/ or for short, precise cuts that are shallow.<\/p>\n<p><img loading=\"lazy\" class=\"alignnone size-medium wp-image-2470\" src=\"https:\/\/erglobalgroup.com\/wp-content\/uploads\/2021\/03\/surgical-blade-2-300x112.jpg\" alt=\"\" width=\"300\" height=\"112\" srcset=\"https:\/\/erglobalgroup.com\/wp-content\/uploads\/2021\/03\/surgical-blade-2-300x112.jpg 300w, https:\/\/erglobalgroup.com\/wp-content\/uploads\/2021\/03\/surgical-blade-2-280x104.jpg 280w, https:\/\/erglobalgroup.com\/wp-content\/uploads\/2021\/03\/surgical-blade-2.jpg 500w\" sizes=\"(max-width: 300px) 100vw, 300px\" \/><\/p>\n<p># 12 &#8211; A small, pointed, crescent-shaped blade typically used as a suture cutter. It is most sharp at the inner edge of the curve.<\/p>\n<p><img loading=\"lazy\" class=\"alignnone size-medium wp-image-2477\" src=\"https:\/\/erglobalgroup.com\/wp-content\/uploads\/2021\/03\/surgical-blade-3-300x109.jpg\" alt=\"\" width=\"300\" height=\"109\" srcset=\"https:\/\/erglobalgroup.com\/wp-content\/uploads\/2021\/03\/surgical-blade-3-300x109.jpg 300w, https:\/\/erglobalgroup.com\/wp-content\/uploads\/2021\/03\/surgical-blade-3-280x101.jpg 280w, https:\/\/erglobalgroup.com\/wp-content\/uploads\/2021\/03\/surgical-blade-3.jpg 500w\" sizes=\"(max-width: 300px) 100vw, 300px\" \/><\/p>\n<p># 15 &#8211; Ideal for making short, precise cuts thanks to its small, curved cutting edge.<\/p>\n<p><img loading=\"lazy\" class=\"alignnone size-medium wp-image-2479\" src=\"https:\/\/erglobalgroup.com\/wp-content\/uploads\/2021\/03\/surgical-blade-15-300x109.jpg\" alt=\"\" width=\"300\" height=\"109\" srcset=\"https:\/\/erglobalgroup.com\/wp-content\/uploads\/2021\/03\/surgical-blade-15-300x109.jpg 300w, https:\/\/erglobalgroup.com\/wp-content\/uploads\/2021\/03\/surgical-blade-15-280x101.jpg 280w, https:\/\/erglobalgroup.com\/wp-content\/uploads\/2021\/03\/surgical-blade-15.jpg 500w\" sizes=\"(max-width: 300px) 100vw, 300px\" \/><\/p>\n<p># 20 &#8211; A large curved blade commonly used for cutting tissue and other procedures that require puncture or cutting.<\/p>\n<p><img loading=\"lazy\" class=\"alignnone size-medium wp-image-2483\" src=\"https:\/\/erglobalgroup.com\/wp-content\/uploads\/2021\/03\/surgical-blade-20-300x112.jpg\" alt=\"\" width=\"300\" height=\"112\" srcset=\"https:\/\/erglobalgroup.com\/wp-content\/uploads\/2021\/03\/surgical-blade-20-300x112.jpg 300w, https:\/\/erglobalgroup.com\/wp-content\/uploads\/2021\/03\/surgical-blade-20-280x104.jpg 280w, https:\/\/erglobalgroup.com\/wp-content\/uploads\/2021\/03\/surgical-blade-20.jpg 500w\" sizes=\"(max-width: 300px) 100vw, 300px\" \/><\/p>\n<p>Similar to # 21 &#8211; # 20, it has a large curved blade commonly used for cutting tissue and other procedures that require puncture or cutting.<\/p>\n<p><img loading=\"lazy\" class=\"alignnone size-medium wp-image-2487\" src=\"https:\/\/erglobalgroup.com\/wp-content\/uploads\/2021\/03\/surgical-blade-21-300x112.jpg\" alt=\"\" width=\"300\" height=\"112\" srcset=\"https:\/\/erglobalgroup.com\/wp-content\/uploads\/2021\/03\/surgical-blade-21-300x112.jpg 300w, https:\/\/erglobalgroup.com\/wp-content\/uploads\/2021\/03\/surgical-blade-21-280x104.jpg 280w, https:\/\/erglobalgroup.com\/wp-content\/uploads\/2021\/03\/surgical-blade-21.jpg 500w\" sizes=\"(max-width: 300px) 100vw, 300px\" \/><\/p>\n<p># 22 &#8211; Essentially a larger version of # 10 has a straight, sharpened trailing edge and a short, curved cut edge. These blades are usually best for making large cuts in thick leather.<\/p>\n<p><img loading=\"lazy\" class=\"alignnone size-medium wp-image-2491\" src=\"https:\/\/erglobalgroup.com\/wp-content\/uploads\/2021\/03\/surgical-blade-22-300x112.jpg\" alt=\"\" width=\"300\" height=\"112\" srcset=\"https:\/\/erglobalgroup.com\/wp-content\/uploads\/2021\/03\/surgical-blade-22-300x112.jpg 300w, https:\/\/erglobalgroup.com\/wp-content\/uploads\/2021\/03\/surgical-blade-22-280x104.jpg 280w, https:\/\/erglobalgroup.com\/wp-content\/uploads\/2021\/03\/surgical-blade-22.jpg 500w\" sizes=\"(max-width: 300px) 100vw, 300px\" \/><\/p>\n<p># 23 &#8211; A large blade that is slightly narrower than # 21 and # 21. It also has a pointed tip.<\/p>\n<p><img loading=\"lazy\" class=\"alignnone size-medium wp-image-2493\" src=\"https:\/\/erglobalgroup.com\/wp-content\/uploads\/2021\/03\/surgical-blade-23-300x112.jpg\" alt=\"\" width=\"300\" height=\"112\" srcset=\"https:\/\/erglobalgroup.com\/wp-content\/uploads\/2021\/03\/surgical-blade-23-300x112.jpg 300w, https:\/\/erglobalgroup.com\/wp-content\/uploads\/2021\/03\/surgical-blade-23-280x104.jpg 280w, https:\/\/erglobalgroup.com\/wp-content\/uploads\/2021\/03\/surgical-blade-23.jpg 500w\" sizes=\"(max-width: 300px) 100vw, 300px\" \/><\/p>\n","protected":false},"excerpt":{"rendered":"<p>Some common types and numbers of blades include:<\/p>\n<p># 10 &#8211; A large curved cutting edge that represents a more traditional blade shape. It is generally used to cut soft tissue with large incisions.<\/p>\n<p># 11 &#8211; A long, triangular blade with the hypotenuse at its sharpest edge. Due to its pointed tip, it is typically used for stabbing cuts and \/ or for short, precise cuts that are shallow.<\/p>\n<p># 12 &#8211; A small, pointed, crescent-shaped blade typically used as a suture cutter. It is most sharp at the inner edge of the curve.<\/p>\n<p># 15 &#8211; Ideal for making short, precise cuts thanks to its small, curved cutting edge.<\/p>\n<p># 20 &#8211; A large curved blade commonly used for cutting tissue and other procedures that require puncture or cutting.<\/p>\n<p>Similar to # 21 &#8211; # 20, it has a large curved blade commonly used for cutting tissue and other procedures that require puncture or cutting.<\/p>\n<p># 22 &#8211; Essentially a larger version of # 10 has a straight, sharpened trailing edge and a short, curved cut edge. These blades are usually best for making large cuts in thick leather.<\/p>\n<p># 23 &#8211; A large blade that is slightly narrower than # 21 and # 21. It also has a pointed tip.<\/p>\n","protected":false},"featured_media":2463,"template":"","meta":[],"product_cat":[549,558],"product_tag":[],"yoast_head":"<!-- This site is optimized with the Yoast SEO plugin v17.1 - https:\/\/yoast.com\/wordpress\/plugins\/seo\/ -->\n<title>Stainless Steel Surgical Knife - Erglobal Group<\/title>\n<meta name=\"robots\" content=\"index, follow, max-snippet:-1, max-image-preview:large, max-video-preview:-1\" \/>\n<link rel=\"canonical\" href=\"https:\/\/erglobalgroup.com\/en\/product\/paslanmaz-celik-steril-cerrahi-bicak-2\/\" \/>\n<meta property=\"og:locale\" content=\"en_US\" \/>\n<meta property=\"og:type\" content=\"article\" \/>\n<meta property=\"og:title\" content=\"Stainless Steel Surgical Knife - Erglobal Group\" \/>\n<meta property=\"og:description\" content=\"Some common types and numbers of blades include: # 10 - A large curved cutting edge that represents a more traditional blade shape. It is generally used to cut soft tissue with large incisions. # 11 - A long, triangular blade with the hypotenuse at its sharpest edge. Due to its pointed tip, it is typically used for stabbing cuts and \/ or for short, precise cuts that are shallow. # 12 - A small, pointed, crescent-shaped blade typically used as a suture cutter. It is most sharp at the inner edge of the curve. # 15 - Ideal for making short, precise cuts thanks to its small, curved cutting edge. # 20 - A large curved blade commonly used for cutting tissue and other procedures that require puncture or cutting. Similar to # 21 - # 20, it has a large curved blade commonly used for cutting tissue and other procedures that require puncture or cutting. # 22 - Essentially a larger version of # 10 has a straight, sharpened trailing edge and a short, curved cut edge. These blades are usually best for making large cuts in thick leather. # 23 - A large blade that is slightly narrower than # 21 and # 21. It also has a pointed tip.\" \/>\n<meta property=\"og:url\" content=\"https:\/\/erglobalgroup.com\/en\/product\/paslanmaz-celik-steril-cerrahi-bicak-2\/\" \/>\n<meta property=\"og:site_name\" content=\"Erglobal Group\" \/>\n<meta property=\"og:image\" content=\"https:\/\/erglobalgroup.com\/wp-content\/uploads\/2021\/03\/surgical-blade-300x89.jpg\" \/>\n<meta name=\"twitter:card\" content=\"summary_large_image\" \/>\n<meta name=\"twitter:label1\" content=\"Est. reading time\" \/>\n\t<meta name=\"twitter:data1\" content=\"1 minute\" \/>\n<script type=\"application\/ld+json\" class=\"yoast-schema-graph\">{\"@context\":\"https:\/\/schema.org\",\"@graph\":[{\"@type\":\"WebSite\",\"@id\":\"https:\/\/erglobalgroup.com\/#website\",\"url\":\"https:\/\/erglobalgroup.com\/\",\"name\":\"Erglobal Group\",\"description\":\"\",\"potentialAction\":[{\"@type\":\"SearchAction\",\"target\":{\"@type\":\"EntryPoint\",\"urlTemplate\":\"https:\/\/erglobalgroup.com\/?s={search_term_string}\"},\"query-input\":\"required name=search_term_string\"}],\"inLanguage\":\"en-US\"},{\"@type\":\"ImageObject\",\"@id\":\"https:\/\/erglobalgroup.com\/en\/product\/paslanmaz-celik-steril-cerrahi-bicak-2\/#primaryimage\",\"inLanguage\":\"en-US\",\"url\":\"https:\/\/erglobalgroup.com\/wp-content\/uploads\/2021\/03\/surgical-blade-main.jpg\",\"contentUrl\":\"https:\/\/erglobalgroup.com\/wp-content\/uploads\/2021\/03\/surgical-blade-main.jpg\",\"width\":600,\"height\":600},{\"@type\":\"WebPage\",\"@id\":\"https:\/\/erglobalgroup.com\/en\/product\/paslanmaz-celik-steril-cerrahi-bicak-2\/#webpage\",\"url\":\"https:\/\/erglobalgroup.com\/en\/product\/paslanmaz-celik-steril-cerrahi-bicak-2\/\",\"name\":\"Stainless Steel Surgical Knife - Erglobal Group\",\"isPartOf\":{\"@id\":\"https:\/\/erglobalgroup.com\/#website\"},\"primaryImageOfPage\":{\"@id\":\"https:\/\/erglobalgroup.com\/en\/product\/paslanmaz-celik-steril-cerrahi-bicak-2\/#primaryimage\"},\"datePublished\":\"2021-03-12T11:59:27+00:00\",\"dateModified\":\"2021-03-12T11:59:27+00:00\",\"breadcrumb\":{\"@id\":\"https:\/\/erglobalgroup.com\/en\/product\/paslanmaz-celik-steril-cerrahi-bicak-2\/#breadcrumb\"},\"inLanguage\":\"en-US\",\"potentialAction\":[{\"@type\":\"ReadAction\",\"target\":[\"https:\/\/erglobalgroup.com\/en\/product\/paslanmaz-celik-steril-cerrahi-bicak-2\/\"]}]},{\"@type\":\"BreadcrumbList\",\"@id\":\"https:\/\/erglobalgroup.com\/en\/product\/paslanmaz-celik-steril-cerrahi-bicak-2\/#breadcrumb\",\"itemListElement\":[{\"@type\":\"ListItem\",\"position\":1,\"name\":\"Anasayfa\",\"item\":\"https:\/\/erglobalgroup.com\/en\/\"},{\"@type\":\"ListItem\",\"position\":2,\"name\":\"Products\",\"item\":\"https:\/\/erglobalgroup.com\/en\/products\/\"},{\"@type\":\"ListItem\",\"position\":3,\"name\":\"Stainless Steel Surgical Knife\"}]}]}<\/script>\n<!-- \/ Yoast SEO plugin. -->","yoast_head_json":{"title":"Stainless Steel Surgical Knife - Erglobal Group","robots":{"index":"index","follow":"follow","max-snippet":"max-snippet:-1","max-image-preview":"max-image-preview:large","max-video-preview":"max-video-preview:-1"},"canonical":"https:\/\/erglobalgroup.com\/en\/product\/paslanmaz-celik-steril-cerrahi-bicak-2\/","og_locale":"en_US","og_type":"article","og_title":"Stainless Steel Surgical Knife - Erglobal Group","og_description":"Some common types and numbers of blades include: # 10 - A large curved cutting edge that represents a more traditional blade shape. It is generally used to cut soft tissue with large incisions. # 11 - A long, triangular blade with the hypotenuse at its sharpest edge. Due to its pointed tip, it is typically used for stabbing cuts and \/ or for short, precise cuts that are shallow. # 12 - A small, pointed, crescent-shaped blade typically used as a suture cutter. It is most sharp at the inner edge of the curve. # 15 - Ideal for making short, precise cuts thanks to its small, curved cutting edge. # 20 - A large curved blade commonly used for cutting tissue and other procedures that require puncture or cutting. Similar to # 21 - # 20, it has a large curved blade commonly used for cutting tissue and other procedures that require puncture or cutting. # 22 - Essentially a larger version of # 10 has a straight, sharpened trailing edge and a short, curved cut edge. These blades are usually best for making large cuts in thick leather. # 23 - A large blade that is slightly narrower than # 21 and # 21. It also has a pointed tip.","og_url":"https:\/\/erglobalgroup.com\/en\/product\/paslanmaz-celik-steril-cerrahi-bicak-2\/","og_site_name":"Erglobal Group","og_image":[{"url":"https:\/\/erglobalgroup.com\/wp-content\/uploads\/2021\/03\/surgical-blade-300x89.jpg"}],"twitter_card":"summary_large_image","twitter_misc":{"Est. reading time":"1 minute"},"schema":{"@context":"https:\/\/schema.org","@graph":[{"@type":"WebSite","@id":"https:\/\/erglobalgroup.com\/#website","url":"https:\/\/erglobalgroup.com\/","name":"Erglobal Group","description":"","potentialAction":[{"@type":"SearchAction","target":{"@type":"EntryPoint","urlTemplate":"https:\/\/erglobalgroup.com\/?s={search_term_string}"},"query-input":"required name=search_term_string"}],"inLanguage":"en-US"},{"@type":"ImageObject","@id":"https:\/\/erglobalgroup.com\/en\/product\/paslanmaz-celik-steril-cerrahi-bicak-2\/#primaryimage","inLanguage":"en-US","url":"https:\/\/erglobalgroup.com\/wp-content\/uploads\/2021\/03\/surgical-blade-main.jpg","contentUrl":"https:\/\/erglobalgroup.com\/wp-content\/uploads\/2021\/03\/surgical-blade-main.jpg","width":600,"height":600},{"@type":"WebPage","@id":"https:\/\/erglobalgroup.com\/en\/product\/paslanmaz-celik-steril-cerrahi-bicak-2\/#webpage","url":"https:\/\/erglobalgroup.com\/en\/product\/paslanmaz-celik-steril-cerrahi-bicak-2\/","name":"Stainless Steel Surgical Knife - Erglobal Group","isPartOf":{"@id":"https:\/\/erglobalgroup.com\/#website"},"primaryImageOfPage":{"@id":"https:\/\/erglobalgroup.com\/en\/product\/paslanmaz-celik-steril-cerrahi-bicak-2\/#primaryimage"},"datePublished":"2021-03-12T11:59:27+00:00","dateModified":"2021-03-12T11:59:27+00:00","breadcrumb":{"@id":"https:\/\/erglobalgroup.com\/en\/product\/paslanmaz-celik-steril-cerrahi-bicak-2\/#breadcrumb"},"inLanguage":"en-US","potentialAction":[{"@type":"ReadAction","target":["https:\/\/erglobalgroup.com\/en\/product\/paslanmaz-celik-steril-cerrahi-bicak-2\/"]}]},{"@type":"BreadcrumbList","@id":"https:\/\/erglobalgroup.com\/en\/product\/paslanmaz-celik-steril-cerrahi-bicak-2\/#breadcrumb","itemListElement":[{"@type":"ListItem","position":1,"name":"Anasayfa","item":"https:\/\/erglobalgroup.com\/en\/"},{"@type":"ListItem","position":2,"name":"Products","item":"https:\/\/erglobalgroup.com\/en\/products\/"},{"@type":"ListItem","position":3,"name":"Stainless Steel Surgical Knife"}]}]}},"_links":{"self":[{"href":"https:\/\/erglobalgroup.com\/en\/wp-json\/wp\/v2\/product\/2744"}],"collection":[{"href":"https:\/\/erglobalgroup.com\/en\/wp-json\/wp\/v2\/product"}],"about":[{"href":"https:\/\/erglobalgroup.com\/en\/wp-json\/wp\/v2\/types\/product"}],"wp:featuredmedia":[{"embeddable":true,"href":"https:\/\/erglobalgroup.com\/en\/wp-json\/wp\/v2\/media\/2463"}],"wp:attachment":[{"href":"https:\/\/erglobalgroup.com\/en\/wp-json\/wp\/v2\/media?parent=2744"}],"wp:term":[{"taxonomy":"product_cat","embeddable":true,"href":"https:\/\/erglobalgroup.com\/en\/wp-json\/wp\/v2\/product_cat?post=2744"},{"taxonomy":"product_tag","embeddable":true,"href":"https:\/\/erglobalgroup.com\/en\/wp-json\/wp\/v2\/product_tag?post=2744"}],"curies":[{"name":"wp","href":"https:\/\/api.w.org\/{rel}","templated":true}]}}