{"id":2729,"date":"2021-03-11T08:29:00","date_gmt":"2021-03-12T09:12:51","guid":{"rendered":"https:\/\/erglobalgroup.com\/urun\/airventless-i-v-infusion-set\/"},"modified":"2021-03-12T09:12:53","modified_gmt":"2021-03-12T09:12:53","slug":"airventsiz-i-v-infuzyon-seti","status":"publish","type":"product","link":"https:\/\/erglobalgroup.com\/en\/product\/airventsiz-i-v-infuzyon-seti\/","title":{"rendered":"Airventless I.V. Infusion Set"},"content":{"rendered":"<ul>\n<li><span>Micro IV Infusion set for pediatric use<\/span><\/li>\n<li><span>About 20 drops \/ ml<\/span><\/li>\n<\/ul>\n<p>&nbsp;<\/p>\n<table width=\"595\">\n<thead>\n<tr>\n<td width=\"595\">Common features<\/td>\n<\/tr>\n<\/thead>\n<tbody>\n<tr>\n<td width=\"595\">\n<ul>\n<li>For gravity feed only<\/li>\n<li>Transparent and flexible drip chamber<\/li>\n<li>15 micron liquid filter in drip chamber<\/li>\n<li>Yumu\u015fak ve b\u00fck\u00fclmeye dayan\u0131kl\u0131 PVC boru, homojen ak\u0131\u015f h\u0131z\u0131 sa\u011flar<\/li>\n<li>Smooth roller clamp facilitates easy, safe control and adjustment of fluid proportions<\/li>\n<li>Standard tube length: 150 cm<\/li>\n<li>Tube diameter: I \u00d8 3.0 mm, O \u00d8 4.1 mm<\/li>\n<\/ul>\n<p>&nbsp;<\/p>\n<ul>\n<li><strong>Available options <\/strong><strong>:<\/strong><br \/>\n\u2022 With or without a needle<br \/>\n\u2022 Luer lock or rotary luer lock<span>\u2022 &#8220;Y&#8221; injection port designed for multiple injections (latex free)<\/span><\/p>\n<p><strong><span>\u2022 <\/span><\/strong><strong><span>Needle-free Y-zone<\/span><\/strong><br \/>\n<span>\u2022 Plastic package or blister paper package<\/span><\/p>\n<p><strong><span>* All IV Infusion sets are also available with DEHP-free materials.<\/span><\/strong><\/li>\n<\/ul>\n<\/td>\n<\/tr>\n<\/tbody>\n<\/table>\n","protected":false},"excerpt":{"rendered":"<p>Micro IV Infusion set for pediatric use About 20 drops \/ ml &nbsp; Common features For gravity feed only Transparent and flexible drip chamber 15 micron liquid filter in drip chamber Yumu\u015fak ve b\u00fck\u00fclmeye dayan\u0131kl\u0131 PVC boru, homojen ak\u0131\u015f h\u0131z\u0131 sa\u011flar Smooth roller clamp facilitates easy, safe control and adjustment of fluid proportions Standard tube<\/p>\n","protected":false},"featured_media":2506,"template":"","meta":[],"product_cat":[549,555],"product_tag":[],"yoast_head":"<!-- This site is optimized with the Yoast SEO plugin v17.1 - https:\/\/yoast.com\/wordpress\/plugins\/seo\/ -->\n<title>Airventless I.V. Infusion Set - Erglobal Group<\/title>\n<meta name=\"robots\" content=\"index, follow, max-snippet:-1, max-image-preview:large, max-video-preview:-1\" \/>\n<link rel=\"canonical\" href=\"https:\/\/erglobalgroup.com\/en\/product\/airventsiz-i-v-infuzyon-seti\/\" \/>\n<meta property=\"og:locale\" content=\"en_US\" \/>\n<meta property=\"og:type\" content=\"article\" \/>\n<meta property=\"og:title\" content=\"Airventless I.V. Infusion Set - Erglobal Group\" \/>\n<meta property=\"og:description\" content=\"Micro IV Infusion set for pediatric use About 20 drops \/ ml &nbsp; Common features For gravity feed only Transparent and flexible drip chamber 15 micron liquid filter in drip chamber Yumu\u015fak ve b\u00fck\u00fclmeye dayan\u0131kl\u0131 PVC boru, homojen ak\u0131\u015f h\u0131z\u0131 sa\u011flar Smooth roller clamp facilitates easy, safe control and adjustment of fluid proportions Standard tube\" \/>\n<meta property=\"og:url\" content=\"https:\/\/erglobalgroup.com\/en\/product\/airventsiz-i-v-infuzyon-seti\/\" \/>\n<meta property=\"og:site_name\" content=\"Erglobal Group\" \/>\n<meta property=\"article:modified_time\" content=\"2021-03-12T09:12:53+00:00\" \/>\n<meta property=\"og:image\" content=\"https:\/\/erglobalgroup.com\/wp-content\/uploads\/2021\/03\/airventsiz-i-v-infuzyon-seti.jpg\" \/>\n\t<meta property=\"og:image:width\" content=\"600\" \/>\n\t<meta property=\"og:image:height\" content=\"600\" \/>\n<meta name=\"twitter:card\" content=\"summary_large_image\" \/>\n<meta name=\"twitter:label1\" content=\"Est. reading time\" \/>\n\t<meta name=\"twitter:data1\" content=\"1 minute\" \/>\n<script type=\"application\/ld+json\" class=\"yoast-schema-graph\">{\"@context\":\"https:\/\/schema.org\",\"@graph\":[{\"@type\":\"WebSite\",\"@id\":\"https:\/\/erglobalgroup.com\/#website\",\"url\":\"https:\/\/erglobalgroup.com\/\",\"name\":\"Erglobal Group\",\"description\":\"\",\"potentialAction\":[{\"@type\":\"SearchAction\",\"target\":{\"@type\":\"EntryPoint\",\"urlTemplate\":\"https:\/\/erglobalgroup.com\/?s={search_term_string}\"},\"query-input\":\"required name=search_term_string\"}],\"inLanguage\":\"en-US\"},{\"@type\":\"ImageObject\",\"@id\":\"https:\/\/erglobalgroup.com\/en\/product\/airventsiz-i-v-infuzyon-seti\/#primaryimage\",\"inLanguage\":\"en-US\",\"url\":\"https:\/\/erglobalgroup.com\/wp-content\/uploads\/2021\/03\/airventsiz-i-v-infuzyon-seti.jpg\",\"contentUrl\":\"https:\/\/erglobalgroup.com\/wp-content\/uploads\/2021\/03\/airventsiz-i-v-infuzyon-seti.jpg\",\"width\":600,\"height\":600},{\"@type\":\"WebPage\",\"@id\":\"https:\/\/erglobalgroup.com\/en\/product\/airventsiz-i-v-infuzyon-seti\/#webpage\",\"url\":\"https:\/\/erglobalgroup.com\/en\/product\/airventsiz-i-v-infuzyon-seti\/\",\"name\":\"Airventless I.V. Infusion Set - Erglobal Group\",\"isPartOf\":{\"@id\":\"https:\/\/erglobalgroup.com\/#website\"},\"primaryImageOfPage\":{\"@id\":\"https:\/\/erglobalgroup.com\/en\/product\/airventsiz-i-v-infuzyon-seti\/#primaryimage\"},\"datePublished\":\"2021-03-12T09:12:51+00:00\",\"dateModified\":\"2021-03-12T09:12:53+00:00\",\"breadcrumb\":{\"@id\":\"https:\/\/erglobalgroup.com\/en\/product\/airventsiz-i-v-infuzyon-seti\/#breadcrumb\"},\"inLanguage\":\"en-US\",\"potentialAction\":[{\"@type\":\"ReadAction\",\"target\":[\"https:\/\/erglobalgroup.com\/en\/product\/airventsiz-i-v-infuzyon-seti\/\"]}]},{\"@type\":\"BreadcrumbList\",\"@id\":\"https:\/\/erglobalgroup.com\/en\/product\/airventsiz-i-v-infuzyon-seti\/#breadcrumb\",\"itemListElement\":[{\"@type\":\"ListItem\",\"position\":1,\"name\":\"Anasayfa\",\"item\":\"https:\/\/erglobalgroup.com\/en\/\"},{\"@type\":\"ListItem\",\"position\":2,\"name\":\"Products\",\"item\":\"https:\/\/erglobalgroup.com\/en\/products\/\"},{\"@type\":\"ListItem\",\"position\":3,\"name\":\"Airventless I.V. Infusion Set\"}]}]}<\/script>\n<!-- \/ Yoast SEO plugin. -->","yoast_head_json":{"title":"Airventless I.V. Infusion Set - Erglobal Group","robots":{"index":"index","follow":"follow","max-snippet":"max-snippet:-1","max-image-preview":"max-image-preview:large","max-video-preview":"max-video-preview:-1"},"canonical":"https:\/\/erglobalgroup.com\/en\/product\/airventsiz-i-v-infuzyon-seti\/","og_locale":"en_US","og_type":"article","og_title":"Airventless I.V. Infusion Set - Erglobal Group","og_description":"Micro IV Infusion set for pediatric use About 20 drops \/ ml &nbsp; Common features For gravity feed only Transparent and flexible drip chamber 15 micron liquid filter in drip chamber Yumu\u015fak ve b\u00fck\u00fclmeye dayan\u0131kl\u0131 PVC boru, homojen ak\u0131\u015f h\u0131z\u0131 sa\u011flar Smooth roller clamp facilitates easy, safe control and adjustment of fluid proportions Standard tube","og_url":"https:\/\/erglobalgroup.com\/en\/product\/airventsiz-i-v-infuzyon-seti\/","og_site_name":"Erglobal Group","article_modified_time":"2021-03-12T09:12:53+00:00","og_image":[{"width":600,"height":600,"url":"https:\/\/erglobalgroup.com\/wp-content\/uploads\/2021\/03\/airventsiz-i-v-infuzyon-seti.jpg","path":"\/var\/www\/vhosts\/erglobalgroup.com\/httpdocs\/wp-content\/uploads\/2021\/03\/airventsiz-i-v-infuzyon-seti.jpg","size":"full","id":2506,"alt":"","pixels":360000,"type":"image\/jpeg"}],"twitter_card":"summary_large_image","twitter_misc":{"Est. reading time":"1 minute"},"schema":{"@context":"https:\/\/schema.org","@graph":[{"@type":"WebSite","@id":"https:\/\/erglobalgroup.com\/#website","url":"https:\/\/erglobalgroup.com\/","name":"Erglobal Group","description":"","potentialAction":[{"@type":"SearchAction","target":{"@type":"EntryPoint","urlTemplate":"https:\/\/erglobalgroup.com\/?s={search_term_string}"},"query-input":"required name=search_term_string"}],"inLanguage":"en-US"},{"@type":"ImageObject","@id":"https:\/\/erglobalgroup.com\/en\/product\/airventsiz-i-v-infuzyon-seti\/#primaryimage","inLanguage":"en-US","url":"https:\/\/erglobalgroup.com\/wp-content\/uploads\/2021\/03\/airventsiz-i-v-infuzyon-seti.jpg","contentUrl":"https:\/\/erglobalgroup.com\/wp-content\/uploads\/2021\/03\/airventsiz-i-v-infuzyon-seti.jpg","width":600,"height":600},{"@type":"WebPage","@id":"https:\/\/erglobalgroup.com\/en\/product\/airventsiz-i-v-infuzyon-seti\/#webpage","url":"https:\/\/erglobalgroup.com\/en\/product\/airventsiz-i-v-infuzyon-seti\/","name":"Airventless I.V. Infusion Set - Erglobal Group","isPartOf":{"@id":"https:\/\/erglobalgroup.com\/#website"},"primaryImageOfPage":{"@id":"https:\/\/erglobalgroup.com\/en\/product\/airventsiz-i-v-infuzyon-seti\/#primaryimage"},"datePublished":"2021-03-12T09:12:51+00:00","dateModified":"2021-03-12T09:12:53+00:00","breadcrumb":{"@id":"https:\/\/erglobalgroup.com\/en\/product\/airventsiz-i-v-infuzyon-seti\/#breadcrumb"},"inLanguage":"en-US","potentialAction":[{"@type":"ReadAction","target":["https:\/\/erglobalgroup.com\/en\/product\/airventsiz-i-v-infuzyon-seti\/"]}]},{"@type":"BreadcrumbList","@id":"https:\/\/erglobalgroup.com\/en\/product\/airventsiz-i-v-infuzyon-seti\/#breadcrumb","itemListElement":[{"@type":"ListItem","position":1,"name":"Anasayfa","item":"https:\/\/erglobalgroup.com\/en\/"},{"@type":"ListItem","position":2,"name":"Products","item":"https:\/\/erglobalgroup.com\/en\/products\/"},{"@type":"ListItem","position":3,"name":"Airventless I.V. Infusion Set"}]}]}},"_links":{"self":[{"href":"https:\/\/erglobalgroup.com\/en\/wp-json\/wp\/v2\/product\/2729"}],"collection":[{"href":"https:\/\/erglobalgroup.com\/en\/wp-json\/wp\/v2\/product"}],"about":[{"href":"https:\/\/erglobalgroup.com\/en\/wp-json\/wp\/v2\/types\/product"}],"wp:featuredmedia":[{"embeddable":true,"href":"https:\/\/erglobalgroup.com\/en\/wp-json\/wp\/v2\/media\/2506"}],"wp:attachment":[{"href":"https:\/\/erglobalgroup.com\/en\/wp-json\/wp\/v2\/media?parent=2729"}],"wp:term":[{"taxonomy":"product_cat","embeddable":true,"href":"https:\/\/erglobalgroup.com\/en\/wp-json\/wp\/v2\/product_cat?post=2729"},{"taxonomy":"product_tag","embeddable":true,"href":"https:\/\/erglobalgroup.com\/en\/wp-json\/wp\/v2\/product_tag?post=2729"}],"curies":[{"name":"wp","href":"https:\/\/api.w.org\/{rel}","templated":true}]}}