{"id":2716,"date":"2021-03-10T14:08:18","date_gmt":"2021-03-12T08:45:49","guid":{"rendered":"https:\/\/erglobalgroup.com\/urun\/disposable-3-layer-and-2-layer-surgical-face-mask\/"},"modified":"2021-03-12T08:45:49","modified_gmt":"2021-03-12T08:45:49","slug":"tek-kullanimlik-3-katli-ve-2-katli-cerrahi-yuz-maskesi-2","status":"publish","type":"product","link":"https:\/\/erglobalgroup.com\/en\/product\/tek-kullanimlik-3-katli-ve-2-katli-cerrahi-yuz-maskesi-2\/","title":{"rendered":"Disposable 3-layer and 2-layer Surgical Face Mask"},"content":{"rendered":"<p><b><span>3 Floors<\/span><\/b><span> and<\/span><strong><span>2 floored<\/span><\/strong><span> Face<\/span><b><span>Mask<\/span><\/b><span> helps reduce the spread of viruses, germs and bacteria. It provides relief and allows for more comfortable breathing for allergy sufferers.  <\/span><b><span>3 floors<\/span><\/b><span> face<\/span><b><span>mask<\/span><\/b><span>Contains high tensile static filtration nonwoven middle layer to effectively block micro dust and bacteria.<\/span> <g id=\"gid_6\">These three <\/g><g id=\"gid_7\"><g id=\"gid_8\">storied<\/g><\/g><\/p>\n<p><span> The material is made of a meltblown material placed between the nonwoven fabric. Meltblown material, microbes <\/span>It acts as a filter to prevent <b><span>the mask<\/span><\/b> <span>from entering or exiting.<\/span><\/p>\n<p><span>There are two sides for<\/span><b><span>surgery masks<\/span><\/b><span> olan <\/span><b><span>white<\/span><\/b><span> and<\/span><b><span>blue<\/span><\/b><span> (or green). <\/span><b><span>White<\/span><\/b><span> side contains a filter. Therefore, if you have the flu, to prevent germs from spreading outward <\/span>It should be attached to <span>yourface<\/span>with the <b><span>blue<\/span><\/b>side facing out.<\/p>\n<p><span>We have face masks with tie ribbons and elastic rings. And it can be molded according to customers&#8217; requirement.<\/span><\/p>\n","protected":false},"excerpt":{"rendered":"<p><b><span>3 Floors<\/span><\/b><span> and<\/span><strong><span>2 floored<\/span><\/strong><span> Face<\/span><b><span>Mask<\/span><\/b><span> helps reduce the spread of viruses, germs and bacteria. It provides relief and allows for more comfortable breathing for allergy sufferers.  <\/span><b><span>3 katl\u0131<\/span><\/b><span> y\u00fcz <\/span><b><span>maskesi<\/span><\/b><span> etkili bir mikro toz ve bakteri engellemek i\u00e7in y\u00fcksek gerilimli statik filtrasyon dokunmam\u0131\u015f orta tabaka i\u00e7erir.<\/span><\/p>\n","protected":false},"featured_media":2361,"template":"","meta":[],"product_cat":[549,550],"product_tag":[],"yoast_head":"<!-- This site is optimized with the Yoast SEO plugin v17.1 - https:\/\/yoast.com\/wordpress\/plugins\/seo\/ -->\n<title>Disposable 3-layer and 2-layer Surgical Face Mask - Erglobal Group<\/title>\n<meta name=\"robots\" content=\"index, follow, max-snippet:-1, max-image-preview:large, max-video-preview:-1\" \/>\n<link rel=\"canonical\" href=\"https:\/\/erglobalgroup.com\/en\/product\/tek-kullanimlik-3-katli-ve-2-katli-cerrahi-yuz-maskesi-2\/\" \/>\n<meta property=\"og:locale\" content=\"en_US\" \/>\n<meta property=\"og:type\" content=\"article\" \/>\n<meta property=\"og:title\" content=\"Disposable 3-layer and 2-layer Surgical Face Mask - Erglobal Group\" \/>\n<meta property=\"og:description\" content=\"3 Floors and2 floored FaceMask helps reduce the spread of viruses, germs and bacteria. It provides relief and allows for more comfortable breathing for allergy sufferers. 3 katl\u0131 y\u00fcz maskesi etkili bir mikro toz ve bakteri engellemek i\u00e7in y\u00fcksek gerilimli statik filtrasyon dokunmam\u0131\u015f orta tabaka i\u00e7erir.\" \/>\n<meta property=\"og:url\" content=\"https:\/\/erglobalgroup.com\/en\/product\/tek-kullanimlik-3-katli-ve-2-katli-cerrahi-yuz-maskesi-2\/\" \/>\n<meta property=\"og:site_name\" content=\"Erglobal Group\" \/>\n<meta name=\"twitter:card\" content=\"summary_large_image\" \/>\n<meta name=\"twitter:label1\" content=\"Est. reading time\" \/>\n\t<meta name=\"twitter:data1\" content=\"1 minute\" \/>\n<script type=\"application\/ld+json\" class=\"yoast-schema-graph\">{\"@context\":\"https:\/\/schema.org\",\"@graph\":[{\"@type\":\"WebSite\",\"@id\":\"https:\/\/erglobalgroup.com\/#website\",\"url\":\"https:\/\/erglobalgroup.com\/\",\"name\":\"Erglobal Group\",\"description\":\"\",\"potentialAction\":[{\"@type\":\"SearchAction\",\"target\":{\"@type\":\"EntryPoint\",\"urlTemplate\":\"https:\/\/erglobalgroup.com\/?s={search_term_string}\"},\"query-input\":\"required name=search_term_string\"}],\"inLanguage\":\"en-US\"},{\"@type\":\"ImageObject\",\"@id\":\"https:\/\/erglobalgroup.com\/en\/product\/tek-kullanimlik-3-katli-ve-2-katli-cerrahi-yuz-maskesi-2\/#primaryimage\",\"inLanguage\":\"en-US\",\"url\":\"https:\/\/erglobalgroup.com\/wp-content\/uploads\/2021\/03\/Disposable-3-Ply-Surgical-Face-Mask.jpeg\",\"contentUrl\":\"https:\/\/erglobalgroup.com\/wp-content\/uploads\/2021\/03\/Disposable-3-Ply-Surgical-Face-Mask.jpeg\",\"width\":500,\"height\":500},{\"@type\":\"WebPage\",\"@id\":\"https:\/\/erglobalgroup.com\/en\/product\/tek-kullanimlik-3-katli-ve-2-katli-cerrahi-yuz-maskesi-2\/#webpage\",\"url\":\"https:\/\/erglobalgroup.com\/en\/product\/tek-kullanimlik-3-katli-ve-2-katli-cerrahi-yuz-maskesi-2\/\",\"name\":\"Disposable 3-layer and 2-layer Surgical Face Mask - Erglobal Group\",\"isPartOf\":{\"@id\":\"https:\/\/erglobalgroup.com\/#website\"},\"primaryImageOfPage\":{\"@id\":\"https:\/\/erglobalgroup.com\/en\/product\/tek-kullanimlik-3-katli-ve-2-katli-cerrahi-yuz-maskesi-2\/#primaryimage\"},\"datePublished\":\"2021-03-12T08:45:49+00:00\",\"dateModified\":\"2021-03-12T08:45:49+00:00\",\"breadcrumb\":{\"@id\":\"https:\/\/erglobalgroup.com\/en\/product\/tek-kullanimlik-3-katli-ve-2-katli-cerrahi-yuz-maskesi-2\/#breadcrumb\"},\"inLanguage\":\"en-US\",\"potentialAction\":[{\"@type\":\"ReadAction\",\"target\":[\"https:\/\/erglobalgroup.com\/en\/product\/tek-kullanimlik-3-katli-ve-2-katli-cerrahi-yuz-maskesi-2\/\"]}]},{\"@type\":\"BreadcrumbList\",\"@id\":\"https:\/\/erglobalgroup.com\/en\/product\/tek-kullanimlik-3-katli-ve-2-katli-cerrahi-yuz-maskesi-2\/#breadcrumb\",\"itemListElement\":[{\"@type\":\"ListItem\",\"position\":1,\"name\":\"Anasayfa\",\"item\":\"https:\/\/erglobalgroup.com\/en\/\"},{\"@type\":\"ListItem\",\"position\":2,\"name\":\"Products\",\"item\":\"https:\/\/erglobalgroup.com\/en\/products\/\"},{\"@type\":\"ListItem\",\"position\":3,\"name\":\"Disposable 3-layer and 2-layer Surgical Face Mask\"}]}]}<\/script>\n<!-- \/ Yoast SEO plugin. -->","yoast_head_json":{"title":"Disposable 3-layer and 2-layer Surgical Face Mask - Erglobal Group","robots":{"index":"index","follow":"follow","max-snippet":"max-snippet:-1","max-image-preview":"max-image-preview:large","max-video-preview":"max-video-preview:-1"},"canonical":"https:\/\/erglobalgroup.com\/en\/product\/tek-kullanimlik-3-katli-ve-2-katli-cerrahi-yuz-maskesi-2\/","og_locale":"en_US","og_type":"article","og_title":"Disposable 3-layer and 2-layer Surgical Face Mask - Erglobal Group","og_description":"3 Floors and2 floored FaceMask helps reduce the spread of viruses, germs and bacteria. It provides relief and allows for more comfortable breathing for allergy sufferers. 3 katl\u0131 y\u00fcz maskesi etkili bir mikro toz ve bakteri engellemek i\u00e7in y\u00fcksek gerilimli statik filtrasyon dokunmam\u0131\u015f orta tabaka i\u00e7erir.","og_url":"https:\/\/erglobalgroup.com\/en\/product\/tek-kullanimlik-3-katli-ve-2-katli-cerrahi-yuz-maskesi-2\/","og_site_name":"Erglobal Group","twitter_card":"summary_large_image","twitter_misc":{"Est. reading time":"1 minute"},"schema":{"@context":"https:\/\/schema.org","@graph":[{"@type":"WebSite","@id":"https:\/\/erglobalgroup.com\/#website","url":"https:\/\/erglobalgroup.com\/","name":"Erglobal Group","description":"","potentialAction":[{"@type":"SearchAction","target":{"@type":"EntryPoint","urlTemplate":"https:\/\/erglobalgroup.com\/?s={search_term_string}"},"query-input":"required name=search_term_string"}],"inLanguage":"en-US"},{"@type":"ImageObject","@id":"https:\/\/erglobalgroup.com\/en\/product\/tek-kullanimlik-3-katli-ve-2-katli-cerrahi-yuz-maskesi-2\/#primaryimage","inLanguage":"en-US","url":"https:\/\/erglobalgroup.com\/wp-content\/uploads\/2021\/03\/Disposable-3-Ply-Surgical-Face-Mask.jpeg","contentUrl":"https:\/\/erglobalgroup.com\/wp-content\/uploads\/2021\/03\/Disposable-3-Ply-Surgical-Face-Mask.jpeg","width":500,"height":500},{"@type":"WebPage","@id":"https:\/\/erglobalgroup.com\/en\/product\/tek-kullanimlik-3-katli-ve-2-katli-cerrahi-yuz-maskesi-2\/#webpage","url":"https:\/\/erglobalgroup.com\/en\/product\/tek-kullanimlik-3-katli-ve-2-katli-cerrahi-yuz-maskesi-2\/","name":"Disposable 3-layer and 2-layer Surgical Face Mask - Erglobal Group","isPartOf":{"@id":"https:\/\/erglobalgroup.com\/#website"},"primaryImageOfPage":{"@id":"https:\/\/erglobalgroup.com\/en\/product\/tek-kullanimlik-3-katli-ve-2-katli-cerrahi-yuz-maskesi-2\/#primaryimage"},"datePublished":"2021-03-12T08:45:49+00:00","dateModified":"2021-03-12T08:45:49+00:00","breadcrumb":{"@id":"https:\/\/erglobalgroup.com\/en\/product\/tek-kullanimlik-3-katli-ve-2-katli-cerrahi-yuz-maskesi-2\/#breadcrumb"},"inLanguage":"en-US","potentialAction":[{"@type":"ReadAction","target":["https:\/\/erglobalgroup.com\/en\/product\/tek-kullanimlik-3-katli-ve-2-katli-cerrahi-yuz-maskesi-2\/"]}]},{"@type":"BreadcrumbList","@id":"https:\/\/erglobalgroup.com\/en\/product\/tek-kullanimlik-3-katli-ve-2-katli-cerrahi-yuz-maskesi-2\/#breadcrumb","itemListElement":[{"@type":"ListItem","position":1,"name":"Anasayfa","item":"https:\/\/erglobalgroup.com\/en\/"},{"@type":"ListItem","position":2,"name":"Products","item":"https:\/\/erglobalgroup.com\/en\/products\/"},{"@type":"ListItem","position":3,"name":"Disposable 3-layer and 2-layer Surgical Face Mask"}]}]}},"_links":{"self":[{"href":"https:\/\/erglobalgroup.com\/en\/wp-json\/wp\/v2\/product\/2716"}],"collection":[{"href":"https:\/\/erglobalgroup.com\/en\/wp-json\/wp\/v2\/product"}],"about":[{"href":"https:\/\/erglobalgroup.com\/en\/wp-json\/wp\/v2\/types\/product"}],"wp:featuredmedia":[{"embeddable":true,"href":"https:\/\/erglobalgroup.com\/en\/wp-json\/wp\/v2\/media\/2361"}],"wp:attachment":[{"href":"https:\/\/erglobalgroup.com\/en\/wp-json\/wp\/v2\/media?parent=2716"}],"wp:term":[{"taxonomy":"product_cat","embeddable":true,"href":"https:\/\/erglobalgroup.com\/en\/wp-json\/wp\/v2\/product_cat?post=2716"},{"taxonomy":"product_tag","embeddable":true,"href":"https:\/\/erglobalgroup.com\/en\/wp-json\/wp\/v2\/product_tag?post=2716"}],"curies":[{"name":"wp","href":"https:\/\/api.w.org\/{rel}","templated":true}]}}