{"id":2705,"date":"2021-03-10T14:48:41","date_gmt":"2021-03-12T08:06:54","guid":{"rendered":"https:\/\/erglobalgroup.com\/urun\/oxygen-mask\/"},"modified":"2021-03-12T08:06:59","modified_gmt":"2021-03-12T08:06:59","slug":"oksijen-maskesi","status":"publish","type":"product","link":"https:\/\/erglobalgroup.com\/en\/product\/oksijen-maskesi\/","title":{"rendered":"Oxygen Mask"},"content":{"rendered":"<p><strong>Variable Concentration Mask<\/strong><\/p>\n<ul>\n<li>Suitable for oxygen therapy<\/li>\n<li>Swivel connector for patient comfort<\/li>\n<\/ul>\n<table width=\"595\">\n<thead>\n<tr>\n<td width=\"595\">Common features<\/td>\n<\/tr>\n<\/thead>\n<tbody>\n<tr>\n<td width=\"595\">\n<ul>\n<li>Long face mask for long-term use<\/li>\n<li>Hasta konforu i\u00e7in \u015feffaf ve yumu\u015fak maske<\/li>\n<li>Adjustable elastic strap and integrated nose clip for accurate positioning of the mask<\/li>\n<li>210 cm long star lumen tube to provide a continuous flow of oxygen<\/li>\n<li>Proximal end of tube connects with funnel-shaped connector for easy connection with oxygen supply<\/li>\n<li>Star lumen main tube to prevent accidental blockage<\/li>\n<li>Sizes: Adult and pediatric<\/li>\n<\/ul>\n<\/td>\n<\/tr>\n<\/tbody>\n<\/table>\n","protected":false},"excerpt":{"rendered":"<p>Variable Concentration Mask Suitable for oxygen therapy Swivel connector for patient comfort Common features Long face mask for long-term use Hasta konforu i\u00e7in \u015feffaf ve yumu\u015fak maske Adjustable elastic strap and integrated nose clip for accurate positioning of the mask 210 cm long star lumen tube to provide a continuous flow of oxygen Proximal end<\/p>\n","protected":false},"featured_media":2375,"template":"","meta":[],"product_cat":[549,550],"product_tag":[],"yoast_head":"<!-- This site is optimized with the Yoast SEO plugin v17.1 - https:\/\/yoast.com\/wordpress\/plugins\/seo\/ -->\n<title>Oxygen Mask - Erglobal Group<\/title>\n<meta name=\"robots\" content=\"index, follow, max-snippet:-1, max-image-preview:large, max-video-preview:-1\" \/>\n<link rel=\"canonical\" href=\"https:\/\/erglobalgroup.com\/en\/product\/oksijen-maskesi\/\" \/>\n<meta property=\"og:locale\" content=\"en_US\" \/>\n<meta property=\"og:type\" content=\"article\" \/>\n<meta property=\"og:title\" content=\"Oxygen Mask - Erglobal Group\" \/>\n<meta property=\"og:description\" content=\"Variable Concentration Mask Suitable for oxygen therapy Swivel connector for patient comfort Common features Long face mask for long-term use Hasta konforu i\u00e7in \u015feffaf ve yumu\u015fak maske Adjustable elastic strap and integrated nose clip for accurate positioning of the mask 210 cm long star lumen tube to provide a continuous flow of oxygen Proximal end\" \/>\n<meta property=\"og:url\" content=\"https:\/\/erglobalgroup.com\/en\/product\/oksijen-maskesi\/\" \/>\n<meta property=\"og:site_name\" content=\"Erglobal Group\" \/>\n<meta property=\"article:modified_time\" content=\"2021-03-12T08:06:59+00:00\" \/>\n<meta property=\"og:image\" content=\"https:\/\/erglobalgroup.com\/wp-content\/uploads\/2021\/03\/oksijen-maskesi.jpg\" \/>\n\t<meta property=\"og:image:width\" content=\"600\" \/>\n\t<meta property=\"og:image:height\" content=\"600\" \/>\n<meta name=\"twitter:card\" content=\"summary_large_image\" \/>\n<script type=\"application\/ld+json\" class=\"yoast-schema-graph\">{\"@context\":\"https:\/\/schema.org\",\"@graph\":[{\"@type\":\"WebSite\",\"@id\":\"https:\/\/erglobalgroup.com\/#website\",\"url\":\"https:\/\/erglobalgroup.com\/\",\"name\":\"Erglobal Group\",\"description\":\"\",\"potentialAction\":[{\"@type\":\"SearchAction\",\"target\":{\"@type\":\"EntryPoint\",\"urlTemplate\":\"https:\/\/erglobalgroup.com\/?s={search_term_string}\"},\"query-input\":\"required name=search_term_string\"}],\"inLanguage\":\"en-US\"},{\"@type\":\"ImageObject\",\"@id\":\"https:\/\/erglobalgroup.com\/en\/product\/oksijen-maskesi\/#primaryimage\",\"inLanguage\":\"en-US\",\"url\":\"https:\/\/erglobalgroup.com\/wp-content\/uploads\/2021\/03\/oksijen-maskesi.jpg\",\"contentUrl\":\"https:\/\/erglobalgroup.com\/wp-content\/uploads\/2021\/03\/oksijen-maskesi.jpg\",\"width\":600,\"height\":600},{\"@type\":\"WebPage\",\"@id\":\"https:\/\/erglobalgroup.com\/en\/product\/oksijen-maskesi\/#webpage\",\"url\":\"https:\/\/erglobalgroup.com\/en\/product\/oksijen-maskesi\/\",\"name\":\"Oxygen Mask - Erglobal Group\",\"isPartOf\":{\"@id\":\"https:\/\/erglobalgroup.com\/#website\"},\"primaryImageOfPage\":{\"@id\":\"https:\/\/erglobalgroup.com\/en\/product\/oksijen-maskesi\/#primaryimage\"},\"datePublished\":\"2021-03-12T08:06:54+00:00\",\"dateModified\":\"2021-03-12T08:06:59+00:00\",\"breadcrumb\":{\"@id\":\"https:\/\/erglobalgroup.com\/en\/product\/oksijen-maskesi\/#breadcrumb\"},\"inLanguage\":\"en-US\",\"potentialAction\":[{\"@type\":\"ReadAction\",\"target\":[\"https:\/\/erglobalgroup.com\/en\/product\/oksijen-maskesi\/\"]}]},{\"@type\":\"BreadcrumbList\",\"@id\":\"https:\/\/erglobalgroup.com\/en\/product\/oksijen-maskesi\/#breadcrumb\",\"itemListElement\":[{\"@type\":\"ListItem\",\"position\":1,\"name\":\"Anasayfa\",\"item\":\"https:\/\/erglobalgroup.com\/en\/\"},{\"@type\":\"ListItem\",\"position\":2,\"name\":\"Products\",\"item\":\"https:\/\/erglobalgroup.com\/en\/products\/\"},{\"@type\":\"ListItem\",\"position\":3,\"name\":\"Oxygen Mask\"}]}]}<\/script>\n<!-- \/ Yoast SEO plugin. -->","yoast_head_json":{"title":"Oxygen Mask - Erglobal Group","robots":{"index":"index","follow":"follow","max-snippet":"max-snippet:-1","max-image-preview":"max-image-preview:large","max-video-preview":"max-video-preview:-1"},"canonical":"https:\/\/erglobalgroup.com\/en\/product\/oksijen-maskesi\/","og_locale":"en_US","og_type":"article","og_title":"Oxygen Mask - Erglobal Group","og_description":"Variable Concentration Mask Suitable for oxygen therapy Swivel connector for patient comfort Common features Long face mask for long-term use Hasta konforu i\u00e7in \u015feffaf ve yumu\u015fak maske Adjustable elastic strap and integrated nose clip for accurate positioning of the mask 210 cm long star lumen tube to provide a continuous flow of oxygen Proximal end","og_url":"https:\/\/erglobalgroup.com\/en\/product\/oksijen-maskesi\/","og_site_name":"Erglobal Group","article_modified_time":"2021-03-12T08:06:59+00:00","og_image":[{"width":600,"height":600,"url":"https:\/\/erglobalgroup.com\/wp-content\/uploads\/2021\/03\/oksijen-maskesi.jpg","path":"\/var\/www\/vhosts\/erglobalgroup.com\/httpdocs\/wp-content\/uploads\/2021\/03\/oksijen-maskesi.jpg","size":"full","id":2375,"alt":"","pixels":360000,"type":"image\/jpeg"}],"twitter_card":"summary_large_image","schema":{"@context":"https:\/\/schema.org","@graph":[{"@type":"WebSite","@id":"https:\/\/erglobalgroup.com\/#website","url":"https:\/\/erglobalgroup.com\/","name":"Erglobal Group","description":"","potentialAction":[{"@type":"SearchAction","target":{"@type":"EntryPoint","urlTemplate":"https:\/\/erglobalgroup.com\/?s={search_term_string}"},"query-input":"required name=search_term_string"}],"inLanguage":"en-US"},{"@type":"ImageObject","@id":"https:\/\/erglobalgroup.com\/en\/product\/oksijen-maskesi\/#primaryimage","inLanguage":"en-US","url":"https:\/\/erglobalgroup.com\/wp-content\/uploads\/2021\/03\/oksijen-maskesi.jpg","contentUrl":"https:\/\/erglobalgroup.com\/wp-content\/uploads\/2021\/03\/oksijen-maskesi.jpg","width":600,"height":600},{"@type":"WebPage","@id":"https:\/\/erglobalgroup.com\/en\/product\/oksijen-maskesi\/#webpage","url":"https:\/\/erglobalgroup.com\/en\/product\/oksijen-maskesi\/","name":"Oxygen Mask - Erglobal Group","isPartOf":{"@id":"https:\/\/erglobalgroup.com\/#website"},"primaryImageOfPage":{"@id":"https:\/\/erglobalgroup.com\/en\/product\/oksijen-maskesi\/#primaryimage"},"datePublished":"2021-03-12T08:06:54+00:00","dateModified":"2021-03-12T08:06:59+00:00","breadcrumb":{"@id":"https:\/\/erglobalgroup.com\/en\/product\/oksijen-maskesi\/#breadcrumb"},"inLanguage":"en-US","potentialAction":[{"@type":"ReadAction","target":["https:\/\/erglobalgroup.com\/en\/product\/oksijen-maskesi\/"]}]},{"@type":"BreadcrumbList","@id":"https:\/\/erglobalgroup.com\/en\/product\/oksijen-maskesi\/#breadcrumb","itemListElement":[{"@type":"ListItem","position":1,"name":"Anasayfa","item":"https:\/\/erglobalgroup.com\/en\/"},{"@type":"ListItem","position":2,"name":"Products","item":"https:\/\/erglobalgroup.com\/en\/products\/"},{"@type":"ListItem","position":3,"name":"Oxygen Mask"}]}]}},"_links":{"self":[{"href":"https:\/\/erglobalgroup.com\/en\/wp-json\/wp\/v2\/product\/2705"}],"collection":[{"href":"https:\/\/erglobalgroup.com\/en\/wp-json\/wp\/v2\/product"}],"about":[{"href":"https:\/\/erglobalgroup.com\/en\/wp-json\/wp\/v2\/types\/product"}],"wp:featuredmedia":[{"embeddable":true,"href":"https:\/\/erglobalgroup.com\/en\/wp-json\/wp\/v2\/media\/2375"}],"wp:attachment":[{"href":"https:\/\/erglobalgroup.com\/en\/wp-json\/wp\/v2\/media?parent=2705"}],"wp:term":[{"taxonomy":"product_cat","embeddable":true,"href":"https:\/\/erglobalgroup.com\/en\/wp-json\/wp\/v2\/product_cat?post=2705"},{"taxonomy":"product_tag","embeddable":true,"href":"https:\/\/erglobalgroup.com\/en\/wp-json\/wp\/v2\/product_tag?post=2705"}],"curies":[{"name":"wp","href":"https:\/\/api.w.org\/{rel}","templated":true}]}}