{"id":3084,"date":"2021-03-10T14:08:18","date_gmt":"2021-03-13T08:26:21","guid":{"rendered":"https:\/\/erglobalgroup.com\/urun\/%d9%82%d9%86%d8%a7%d8%b9-%d8%a7%d9%84%d9%88%d8%ac%d9%87-%d8%a7%d9%84%d8%ac%d8%b1%d8%a7%d8%ad%d9%8a-3-%d8%b7%d8%a8%d9%82%d8%a7%d8%aa-%d9%88-2-%d8%b7%d8%a8%d9%82%d8%a9-%d9%8a%d9%85%d9%83%d9%86-%d8%a7\/"},"modified":"2021-03-13T08:29:48","modified_gmt":"2021-03-13T08:29:48","slug":"tek-kullanimlik-3-katli-ve-2-katli-cerrahi-yuz-maskesi","status":"publish","type":"product","link":"https:\/\/erglobalgroup.com\/ar\/\u0646\u062a\u0627\u062c\/tek-kullanimlik-3-katli-ve-2-katli-cerrahi-yuz-maskesi\/","title":{"rendered":"\u0642\u0646\u0627\u0639 \u0627\u0644\u0648\u062c\u0647 \u0627\u0644\u062c\u0631\u0627\u062d\u064a 3 \u0637\u0628\u0642\u0627\u062a \u0648 2 \u0637\u0628\u0642\u0629 \u064a\u0645\u0643\u0646 \u0627\u0644\u062a\u062e\u0644\u0635 \u0645\u0646\u0647"},"content":{"rendered":"<p>\u064a\u0633\u0627\u0639\u062f \u0642\u0646\u0627\u0639 \u0627\u0644\u0648\u062c\u0647 \u0627\u0644\u0645\u0643\u0648\u0646 \u0645\u0646 3 \u0637\u0628\u0642\u0627\u062a \u0648\u0637\u0628\u0642\u062a\u064a\u0646 \u0639\u0644\u0649 \u062a\u0642\u0644\u064a\u0644 \u0627\u0646\u062a\u0634\u0627\u0631 \u0627\u0644\u0641\u064a\u0631\u0648\u0633\u0627\u062a \u0648\u0627\u0644\u062c\u0631\u0627\u062b\u064a\u0645 \u0648\u0627\u0644\u0628\u0643\u062a\u064a\u0631\u064a\u0627. \u064a\u0648\u0641\u0631 \u0627\u0644\u0631\u0627\u062d\u0629 \u0648\u064a\u0633\u0645\u062d \u0628\u062a\u0646\u0641\u0633 \u0623\u0643\u062b\u0631 \u0631\u0627\u062d\u0629 \u0644\u0645\u0646 \u064a\u0639\u0627\u0646\u0648\u0646 \u0645\u0646 \u0627\u0644\u062d\u0633\u0627\u0633\u064a\u0629. \u064a\u062d\u062a\u0648\u064a \u0642\u0646\u0627\u0639 \u0627\u0644\u0648\u062c\u0647 \u0627\u0644\u0645\u0643\u0648\u0646 \u0645\u0646 3 \u0637\u0628\u0642\u0627\u062a \u0639\u0644\u0649 \u0637\u0628\u0642\u0629 \u0648\u0633\u0637\u0649 \u063a\u064a\u0631 \u0645\u0646\u0633\u0648\u062c\u0629 \u0639\u0627\u0644\u064a\u0629 \u0627\u0644\u0634\u062f \u0644\u0644\u062a\u0631\u0634\u064a\u062d \u0627\u0644\u062b\u0627\u0628\u062a \u0644\u0645\u0646\u0639 \u0627\u0644\u063a\u0628\u0627\u0631 \u0648\u0627\u0644\u0628\u0643\u062a\u064a\u0631\u064a\u0627 \u0628\u0634\u0643\u0644 \u0641\u0639\u0627\u0644.<\/p>\n<p>\u0647\u0630\u0647 \u0627\u0644\u0645\u0627\u062f\u0629 \u0627\u0644\u0645\u0643\u0648\u0646\u0629 \u0645\u0646 \u062b\u0644\u0627\u062b \u0637\u0628\u0642\u0627\u062a \u0645\u0635\u0646\u0648\u0639\u0629 \u0645\u0646 \u0645\u0627\u062f\u0629 \u0645\u0630\u0627\u0628\u0629 \u064a\u062a\u0645 \u0648\u0636\u0639\u0647\u0627 \u0628\u064a\u0646 \u0627\u0644\u0642\u0645\u0627\u0634 \u063a\u064a\u0631 \u0627\u0644\u0645\u0646\u0633\u0648\u062c. \u062a\u0639\u0645\u0644 \u0627\u0644\u0645\u0627\u062f\u0629 \u0627\u0644\u0645\u0630\u0627\u0628\u0629 \u0643\u0645\u0631\u0634\u062d \u060c \u0645\u0645\u0627 \u064a\u0645\u0646\u0639 \u0627\u0644\u062c\u0631\u0627\u062b\u064a\u0645 \u0645\u0646 \u062f\u062e\u0648\u0644 \u0627\u0644\u0642\u0646\u0627\u0639 \u0623\u0648 \u0627\u0644\u062e\u0631\u0648\u062c \u0645\u0646\u0647.<\/p>\n<p>\u0644\u0644\u062c\u0631\u0627\u062d\u0629 \u0648\u062c\u0647\u0627\u0646 \u060c \u0627\u0644\u0642\u0646\u0627\u0639 \u0623\u0628\u064a\u0636 \u0648\u0623\u0632\u0631\u0642 (\u0623\u0648 \u0623\u062e\u0636\u0631). \u064a\u062d\u062a\u0648\u064a \u0639\u0644\u0649 \u0645\u0631\u0634\u062d \u0645\u0639 \u062c\u0627\u0646\u0628\u0647 \u0627\u0644\u0623\u0628\u064a\u0636. \u0644\u0630\u0644\u0643 \u060c \u0625\u0630\u0627 \u0643\u0646\u062a \u0645\u0635\u0627\u0628\u064b\u0627 \u0628\u0627\u0644\u0623\u0646\u0641\u0644\u0648\u0646\u0632\u0627 \u060c \u0641\u064a\u062c\u0628 \u0625\u0644\u0635\u0627\u0642\u0647\u0627 \u0628\u0648\u062c\u0647\u0643 \u0628\u062d\u064a\u062b \u064a\u0643\u0648\u0646 \u0627\u0644\u062c\u0627\u0646\u0628 \u0627\u0644\u0623\u0632\u0631\u0642 \u0645\u0648\u0627\u062c\u0647\u064b\u0627 \u0644\u0644\u062e\u0627\u0631\u062c \u0644\u0645\u0646\u0639 \u0627\u0646\u062a\u0634\u0627\u0631 \u0627\u0644\u062c\u0631\u0627\u062b\u064a\u0645 \u0625\u0644\u0649 \u0627\u0644\u062e\u0627\u0631\u062c.<\/p>\n<p>\u0644\u062f\u064a\u0646\u0627 \u0623\u0642\u0646\u0639\u0629 \u0644\u0644\u0648\u062c\u0647 \u0628\u0634\u0631\u0627\u0626\u0637 \u0631\u0628\u0637 \u0648\u062d\u0644\u0642\u0627\u062a \u0645\u0637\u0627\u0637\u064a\u0629. \u0648\u064a\u0645\u0643\u0646 \u062a\u0634\u0643\u064a\u0644\u0647\u0627 \u0648\u0641\u0642\u064b\u0627 \u0644\u0645\u062a\u0637\u0644\u0628\u0627\u062a \u0627\u0644\u0639\u0645\u0644\u0627\u0621.<\/p>\n","protected":false},"excerpt":{"rendered":"<p><b>3 Katl\u0131<\/b> ve <strong>2 Katl\u0131<\/strong> Y\u00fcz <b>Maskesi<\/b> \u064a\u0633\u0627\u0639\u062f \u0641\u064a \u062a\u0642\u0644\u064a\u0644 \u0627\u0646\u062a\u0634\u0627\u0631 \u0627\u0644\u0641\u064a\u0631\u0648\u0633\u0627\u062a \u0648\u0627\u0644\u062c\u0631\u0627\u062b\u064a\u0645 \u0648\u0627\u0644\u0628\u0643\u062a\u064a\u0631\u064a\u0627. \u064a\u0648\u0641\u0631 \u0627\u0644\u0631\u0627\u062d\u0629 \u0648\u064a\u0633\u0645\u062d \u0628\u062a\u0646\u0641\u0633 \u0623\u0643\u062b\u0631 \u0631\u0627\u062d\u0629 \u0644\u0645\u0646 \u064a\u0639\u0627\u0646\u0648\u0646 \u0645\u0646 \u0627\u0644\u062d\u0633\u0627\u0633\u064a\u0629. <b>3 katl\u0131<\/b> y\u00fcz <b>maskesi<\/b> etkili bir mikro toz ve bakteri engellemek i\u00e7in y\u00fcksek gerilimli statik filtrasyon dokunmam\u0131\u015f orta tabaka i\u00e7erir.<\/p>\n","protected":false},"featured_media":3085,"template":"","meta":[],"product_cat":[586,594],"product_tag":[],"yoast_head":"<!-- This site is optimized with the Yoast SEO plugin v17.1 - https:\/\/yoast.com\/wordpress\/plugins\/seo\/ -->\n<title>\u0642\u0646\u0627\u0639 \u0627\u0644\u0648\u062c\u0647 \u0627\u0644\u062c\u0631\u0627\u062d\u064a 3 \u0637\u0628\u0642\u0627\u062a \u0648 2 \u0637\u0628\u0642\u0629 \u064a\u0645\u0643\u0646 \u0627\u0644\u062a\u062e\u0644\u0635 \u0645\u0646\u0647 - Erglobal Group<\/title>\n<meta name=\"robots\" content=\"index, follow, max-snippet:-1, max-image-preview:large, max-video-preview:-1\" \/>\n<link rel=\"canonical\" href=\"https:\/\/erglobalgroup.com\/ar\/\u0646\u062a\u0627\u062c\/tek-kullanimlik-3-katli-ve-2-katli-cerrahi-yuz-maskesi\/\" \/>\n<meta property=\"og:locale\" content=\"ar_AR\" \/>\n<meta property=\"og:type\" content=\"article\" \/>\n<meta property=\"og:title\" content=\"\u0642\u0646\u0627\u0639 \u0627\u0644\u0648\u062c\u0647 \u0627\u0644\u062c\u0631\u0627\u062d\u064a 3 \u0637\u0628\u0642\u0627\u062a \u0648 2 \u0637\u0628\u0642\u0629 \u064a\u0645\u0643\u0646 \u0627\u0644\u062a\u062e\u0644\u0635 \u0645\u0646\u0647 - Erglobal Group\" \/>\n<meta property=\"og:description\" content=\"3 Katl\u0131 ve 2 Katl\u0131 Y\u00fcz Maskesi \u064a\u0633\u0627\u0639\u062f \u0641\u064a \u062a\u0642\u0644\u064a\u0644 \u0627\u0646\u062a\u0634\u0627\u0631 \u0627\u0644\u0641\u064a\u0631\u0648\u0633\u0627\u062a \u0648\u0627\u0644\u062c\u0631\u0627\u062b\u064a\u0645 \u0648\u0627\u0644\u0628\u0643\u062a\u064a\u0631\u064a\u0627. \u064a\u0648\u0641\u0631 \u0627\u0644\u0631\u0627\u062d\u0629 \u0648\u064a\u0633\u0645\u062d \u0628\u062a\u0646\u0641\u0633 \u0623\u0643\u062b\u0631 \u0631\u0627\u062d\u0629 \u0644\u0645\u0646 \u064a\u0639\u0627\u0646\u0648\u0646 \u0645\u0646 \u0627\u0644\u062d\u0633\u0627\u0633\u064a\u0629. 3 katl\u0131 y\u00fcz maskesi etkili bir mikro toz ve bakteri engellemek i\u00e7in y\u00fcksek gerilimli statik filtrasyon dokunmam\u0131\u015f orta tabaka i\u00e7erir.\" \/>\n<meta property=\"og:url\" content=\"https:\/\/erglobalgroup.com\/ar\/\u0646\u062a\u0627\u062c\/tek-kullanimlik-3-katli-ve-2-katli-cerrahi-yuz-maskesi\/\" \/>\n<meta property=\"og:site_name\" content=\"Erglobal Group\" \/>\n<meta property=\"article:modified_time\" content=\"2021-03-13T08:29:48+00:00\" \/>\n<meta property=\"og:image\" content=\"https:\/\/erglobalgroup.com\/wp-content\/uploads\/2021\/03\/Disposable-3-Ply-Surgical-Face-Mask.jpeg\" \/>\n\t<meta property=\"og:image:width\" content=\"500\" \/>\n\t<meta property=\"og:image:height\" content=\"500\" \/>\n<meta name=\"twitter:card\" content=\"summary_large_image\" \/>\n<meta name=\"twitter:label1\" content=\"\u0648\u0642\u062a \u0627\u0644\u0642\u0631\u0627\u0621\u0629 \u0627\u0644\u0645\u064f\u0642\u062f\u0651\u0631\" \/>\n\t<meta name=\"twitter:data1\" content=\"1 \u062f\u0642\u064a\u0642\u0629\" \/>\n<script type=\"application\/ld+json\" class=\"yoast-schema-graph\">{\"@context\":\"https:\/\/schema.org\",\"@graph\":[{\"@type\":\"WebSite\",\"@id\":\"https:\/\/erglobalgroup.com\/#website\",\"url\":\"https:\/\/erglobalgroup.com\/\",\"name\":\"Erglobal Group\",\"description\":\"\",\"potentialAction\":[{\"@type\":\"SearchAction\",\"target\":{\"@type\":\"EntryPoint\",\"urlTemplate\":\"https:\/\/erglobalgroup.com\/?s={search_term_string}\"},\"query-input\":\"required name=search_term_string\"}],\"inLanguage\":\"ar\"},{\"@type\":\"ImageObject\",\"@id\":\"https:\/\/erglobalgroup.com\/ar\/\\u0646\\u062a\\u0627\\u062c\/tek-kullanimlik-3-katli-ve-2-katli-cerrahi-yuz-maskesi\/#primaryimage\",\"inLanguage\":\"ar\",\"url\":\"https:\/\/erglobalgroup.com\/wp-content\/uploads\/2021\/03\/Disposable-3-Ply-Surgical-Face-Mask.jpeg\",\"contentUrl\":\"https:\/\/erglobalgroup.com\/wp-content\/uploads\/2021\/03\/Disposable-3-Ply-Surgical-Face-Mask.jpeg\",\"width\":500,\"height\":500},{\"@type\":\"WebPage\",\"@id\":\"https:\/\/erglobalgroup.com\/ar\/\\u0646\\u062a\\u0627\\u062c\/tek-kullanimlik-3-katli-ve-2-katli-cerrahi-yuz-maskesi\/#webpage\",\"url\":\"https:\/\/erglobalgroup.com\/ar\/\\u0646\\u062a\\u0627\\u062c\/tek-kullanimlik-3-katli-ve-2-katli-cerrahi-yuz-maskesi\/\",\"name\":\"\\u0642\\u0646\\u0627\\u0639 \\u0627\\u0644\\u0648\\u062c\\u0647 \\u0627\\u0644\\u062c\\u0631\\u0627\\u062d\\u064a 3 \\u0637\\u0628\\u0642\\u0627\\u062a \\u0648 2 \\u0637\\u0628\\u0642\\u0629 \\u064a\\u0645\\u0643\\u0646 \\u0627\\u0644\\u062a\\u062e\\u0644\\u0635 \\u0645\\u0646\\u0647 - Erglobal Group\",\"isPartOf\":{\"@id\":\"https:\/\/erglobalgroup.com\/#website\"},\"primaryImageOfPage\":{\"@id\":\"https:\/\/erglobalgroup.com\/ar\/\\u0646\\u062a\\u0627\\u062c\/tek-kullanimlik-3-katli-ve-2-katli-cerrahi-yuz-maskesi\/#primaryimage\"},\"datePublished\":\"2021-03-13T08:26:21+00:00\",\"dateModified\":\"2021-03-13T08:29:48+00:00\",\"breadcrumb\":{\"@id\":\"https:\/\/erglobalgroup.com\/ar\/\\u0646\\u062a\\u0627\\u062c\/tek-kullanimlik-3-katli-ve-2-katli-cerrahi-yuz-maskesi\/#breadcrumb\"},\"inLanguage\":\"ar\",\"potentialAction\":[{\"@type\":\"ReadAction\",\"target\":[\"https:\/\/erglobalgroup.com\/ar\/\\u0646\\u062a\\u0627\\u062c\/tek-kullanimlik-3-katli-ve-2-katli-cerrahi-yuz-maskesi\/\"]}]},{\"@type\":\"BreadcrumbList\",\"@id\":\"https:\/\/erglobalgroup.com\/ar\/\\u0646\\u062a\\u0627\\u062c\/tek-kullanimlik-3-katli-ve-2-katli-cerrahi-yuz-maskesi\/#breadcrumb\",\"itemListElement\":[{\"@type\":\"ListItem\",\"position\":1,\"name\":\"Home\",\"item\":\"https:\/\/erglobalgroup.com\/ar\/\"},{\"@type\":\"ListItem\",\"position\":2,\"name\":\"\\u0645\\u0646\\u062a\\u062c\\u0627\\u062a\",\"item\":\"https:\/\/erglobalgroup.com\/ar\/%d9%85%d9%86%d8%aa%d8%ac%d8%a7%d8%aa\/\"},{\"@type\":\"ListItem\",\"position\":3,\"name\":\"\\u0642\\u0646\\u0627\\u0639 \\u0627\\u0644\\u0648\\u062c\\u0647 \\u0627\\u0644\\u062c\\u0631\\u0627\\u062d\\u064a 3 \\u0637\\u0628\\u0642\\u0627\\u062a \\u0648 2 \\u0637\\u0628\\u0642\\u0629 \\u064a\\u0645\\u0643\\u0646 \\u0627\\u0644\\u062a\\u062e\\u0644\\u0635 \\u0645\\u0646\\u0647\"}]}]}<\/script>\n<!-- \/ Yoast SEO plugin. -->","yoast_head_json":{"title":"\u0642\u0646\u0627\u0639 \u0627\u0644\u0648\u062c\u0647 \u0627\u0644\u062c\u0631\u0627\u062d\u064a 3 \u0637\u0628\u0642\u0627\u062a \u0648 2 \u0637\u0628\u0642\u0629 \u064a\u0645\u0643\u0646 \u0627\u0644\u062a\u062e\u0644\u0635 \u0645\u0646\u0647 - Erglobal Group","robots":{"index":"index","follow":"follow","max-snippet":"max-snippet:-1","max-image-preview":"max-image-preview:large","max-video-preview":"max-video-preview:-1"},"canonical":"https:\/\/erglobalgroup.com\/ar\/\u0646\u062a\u0627\u062c\/tek-kullanimlik-3-katli-ve-2-katli-cerrahi-yuz-maskesi\/","og_locale":"ar_AR","og_type":"article","og_title":"\u0642\u0646\u0627\u0639 \u0627\u0644\u0648\u062c\u0647 \u0627\u0644\u062c\u0631\u0627\u062d\u064a 3 \u0637\u0628\u0642\u0627\u062a \u0648 2 \u0637\u0628\u0642\u0629 \u064a\u0645\u0643\u0646 \u0627\u0644\u062a\u062e\u0644\u0635 \u0645\u0646\u0647 - Erglobal Group","og_description":"3 Katl\u0131 ve 2 Katl\u0131 Y\u00fcz Maskesi \u064a\u0633\u0627\u0639\u062f \u0641\u064a \u062a\u0642\u0644\u064a\u0644 \u0627\u0646\u062a\u0634\u0627\u0631 \u0627\u0644\u0641\u064a\u0631\u0648\u0633\u0627\u062a \u0648\u0627\u0644\u062c\u0631\u0627\u062b\u064a\u0645 \u0648\u0627\u0644\u0628\u0643\u062a\u064a\u0631\u064a\u0627. \u064a\u0648\u0641\u0631 \u0627\u0644\u0631\u0627\u062d\u0629 \u0648\u064a\u0633\u0645\u062d \u0628\u062a\u0646\u0641\u0633 \u0623\u0643\u062b\u0631 \u0631\u0627\u062d\u0629 \u0644\u0645\u0646 \u064a\u0639\u0627\u0646\u0648\u0646 \u0645\u0646 \u0627\u0644\u062d\u0633\u0627\u0633\u064a\u0629. 3 katl\u0131 y\u00fcz maskesi etkili bir mikro toz ve bakteri engellemek i\u00e7in y\u00fcksek gerilimli statik filtrasyon dokunmam\u0131\u015f orta tabaka i\u00e7erir.","og_url":"https:\/\/erglobalgroup.com\/ar\/\u0646\u062a\u0627\u062c\/tek-kullanimlik-3-katli-ve-2-katli-cerrahi-yuz-maskesi\/","og_site_name":"Erglobal Group","article_modified_time":"2021-03-13T08:29:48+00:00","og_image":[{"width":500,"height":500,"url":"https:\/\/erglobalgroup.com\/wp-content\/uploads\/2021\/03\/Disposable-3-Ply-Surgical-Face-Mask.jpeg","path":"\/var\/www\/vhosts\/erglobalgroup.com\/httpdocs\/wp-content\/uploads\/2021\/03\/Disposable-3-Ply-Surgical-Face-Mask.jpeg","size":"full","id":3085,"alt":"","pixels":250000,"type":"image\/jpeg"}],"twitter_card":"summary_large_image","twitter_misc":{"\u0648\u0642\u062a \u0627\u0644\u0642\u0631\u0627\u0621\u0629 \u0627\u0644\u0645\u064f\u0642\u062f\u0651\u0631":"1 \u062f\u0642\u064a\u0642\u0629"},"schema":{"@context":"https:\/\/schema.org","@graph":[{"@type":"WebSite","@id":"https:\/\/erglobalgroup.com\/#website","url":"https:\/\/erglobalgroup.com\/","name":"Erglobal Group","description":"","potentialAction":[{"@type":"SearchAction","target":{"@type":"EntryPoint","urlTemplate":"https:\/\/erglobalgroup.com\/?s={search_term_string}"},"query-input":"required name=search_term_string"}],"inLanguage":"ar"},{"@type":"ImageObject","@id":"https:\/\/erglobalgroup.com\/ar\/\u0646\u062a\u0627\u062c\/tek-kullanimlik-3-katli-ve-2-katli-cerrahi-yuz-maskesi\/#primaryimage","inLanguage":"ar","url":"https:\/\/erglobalgroup.com\/wp-content\/uploads\/2021\/03\/Disposable-3-Ply-Surgical-Face-Mask.jpeg","contentUrl":"https:\/\/erglobalgroup.com\/wp-content\/uploads\/2021\/03\/Disposable-3-Ply-Surgical-Face-Mask.jpeg","width":500,"height":500},{"@type":"WebPage","@id":"https:\/\/erglobalgroup.com\/ar\/\u0646\u062a\u0627\u062c\/tek-kullanimlik-3-katli-ve-2-katli-cerrahi-yuz-maskesi\/#webpage","url":"https:\/\/erglobalgroup.com\/ar\/\u0646\u062a\u0627\u062c\/tek-kullanimlik-3-katli-ve-2-katli-cerrahi-yuz-maskesi\/","name":"\u0642\u0646\u0627\u0639 \u0627\u0644\u0648\u062c\u0647 \u0627\u0644\u062c\u0631\u0627\u062d\u064a 3 \u0637\u0628\u0642\u0627\u062a \u0648 2 \u0637\u0628\u0642\u0629 \u064a\u0645\u0643\u0646 \u0627\u0644\u062a\u062e\u0644\u0635 \u0645\u0646\u0647 - Erglobal Group","isPartOf":{"@id":"https:\/\/erglobalgroup.com\/#website"},"primaryImageOfPage":{"@id":"https:\/\/erglobalgroup.com\/ar\/\u0646\u062a\u0627\u062c\/tek-kullanimlik-3-katli-ve-2-katli-cerrahi-yuz-maskesi\/#primaryimage"},"datePublished":"2021-03-13T08:26:21+00:00","dateModified":"2021-03-13T08:29:48+00:00","breadcrumb":{"@id":"https:\/\/erglobalgroup.com\/ar\/\u0646\u062a\u0627\u062c\/tek-kullanimlik-3-katli-ve-2-katli-cerrahi-yuz-maskesi\/#breadcrumb"},"inLanguage":"ar","potentialAction":[{"@type":"ReadAction","target":["https:\/\/erglobalgroup.com\/ar\/\u0646\u062a\u0627\u062c\/tek-kullanimlik-3-katli-ve-2-katli-cerrahi-yuz-maskesi\/"]}]},{"@type":"BreadcrumbList","@id":"https:\/\/erglobalgroup.com\/ar\/\u0646\u062a\u0627\u062c\/tek-kullanimlik-3-katli-ve-2-katli-cerrahi-yuz-maskesi\/#breadcrumb","itemListElement":[{"@type":"ListItem","position":1,"name":"Home","item":"https:\/\/erglobalgroup.com\/ar\/"},{"@type":"ListItem","position":2,"name":"\u0645\u0646\u062a\u062c\u0627\u062a","item":"https:\/\/erglobalgroup.com\/ar\/%d9%85%d9%86%d8%aa%d8%ac%d8%a7%d8%aa\/"},{"@type":"ListItem","position":3,"name":"\u0642\u0646\u0627\u0639 \u0627\u0644\u0648\u062c\u0647 \u0627\u0644\u062c\u0631\u0627\u062d\u064a 3 \u0637\u0628\u0642\u0627\u062a \u0648 2 \u0637\u0628\u0642\u0629 \u064a\u0645\u0643\u0646 \u0627\u0644\u062a\u062e\u0644\u0635 \u0645\u0646\u0647"}]}]}},"_links":{"self":[{"href":"https:\/\/erglobalgroup.com\/ar\/wp-json\/wp\/v2\/product\/3084"}],"collection":[{"href":"https:\/\/erglobalgroup.com\/ar\/wp-json\/wp\/v2\/product"}],"about":[{"href":"https:\/\/erglobalgroup.com\/ar\/wp-json\/wp\/v2\/types\/product"}],"wp:featuredmedia":[{"embeddable":true,"href":"https:\/\/erglobalgroup.com\/ar\/wp-json\/wp\/v2\/media\/3085"}],"wp:attachment":[{"href":"https:\/\/erglobalgroup.com\/ar\/wp-json\/wp\/v2\/media?parent=3084"}],"wp:term":[{"taxonomy":"product_cat","embeddable":true,"href":"https:\/\/erglobalgroup.com\/ar\/wp-json\/wp\/v2\/product_cat?post=3084"},{"taxonomy":"product_tag","embeddable":true,"href":"https:\/\/erglobalgroup.com\/ar\/wp-json\/wp\/v2\/product_tag?post=3084"}],"curies":[{"name":"wp","href":"https:\/\/api.w.org\/{rel}","templated":true}]}}